{"id":53,"date":"2024-01-04T19:41:37","date_gmt":"2024-01-04T19:41:37","guid":{"rendered":"https:\/\/karbs.app\/?page_id=53"},"modified":"2024-01-04T20:49:19","modified_gmt":"2024-01-04T20:49:19","slug":"privacy-policy","status":"publish","type":"page","link":"https:\/\/karbs.app\/it\/privacy-policy\/","title":{"rendered":"Politica sulla riservatezza"},"content":{"rendered":"\n<p><em>Ultimo aggiornamento: 6 gennaio 2024. Applicabile dalla versione dell&#8217;applicazione 1.0.0.<\/em><\/p>\n\n\n\n<p>La presente Informativa sulla privacy descrive le nostre politiche e procedure sulla raccolta, l&#8217;uso e la divulgazione delle tue informazioni quando utilizzi l&#8217;Applicazione e ti informa sui tuoi diritti alla privacy e su come la legge ti protegge.<\/p>\n\n\n\n<p>Non utilizziamo i tuoi dati personali per fornire e migliorare il Servizio.&nbsp;Utilizzando il Servizio, accetti che non raccogliamo o utilizziamo i tuoi Dati Personali in alcun modo.<\/p>\n\n\n\n<p>Questa Applicazione \u00e8 venduta nell&#8217;AppStore da un Individuo con nome Cristian Ortega G\u00f3mez e identit\u00e0 nazionale ES46978568X proveniente dalla Spagna (UE).<\/p>\n\n\n\n<hr class=\"wp-block-separator has-alpha-channel-opacity\"\/>\n\n\n\n<h2 class=\"wp-block-heading\"><strong>Interpretazione e definizioni<\/strong><\/h2>\n\n\n\n<h2 class=\"wp-block-heading\"><strong>Interpretazione<\/strong><\/h2>\n\n\n\n<p>Le parole la cui lettera iniziale \u00e8 maiuscola hanno significati definiti nelle seguenti condizioni.&nbsp;Le seguenti definizioni avranno lo stesso significato indipendentemente dal fatto che appaiano al singolare o al plurale.<\/p>\n\n\n\n<h3 class=\"wp-block-heading\"><strong>Definizioni<\/strong><\/h3>\n\n\n\n<p>Ai fini della presente Informativa sulla privacy:<\/p>\n\n\n\n<ul class=\"wp-block-list\">\n<li><strong>Per Account<\/strong>&nbsp;&nbsp;si intende un account univoco creato per consentirti di accedere al nostro Servizio o a parti del nostro Servizio.<\/li>\n\n\n\n<li><strong>Affiliata<\/strong>&nbsp;&nbsp;indica un&#8217;entit\u00e0 che controlla, \u00e8 controllata da o \u00e8 sotto controllo comune con una parte, dove &#8220;controllo&#8221; indica la propriet\u00e0 del 50% o pi\u00f9 delle azioni, delle partecipazioni o di altri titoli aventi diritto di voto per l&#8217;elezione degli amministratori o di altra autorit\u00e0 di gestione .<\/li>\n\n\n\n<li><strong>Per Applicazione<\/strong>&nbsp;&nbsp;si intende il programma software fornito dall&#8217;Individuo scaricato dall&#8217;Utente su qualsiasi dispositivo elettronico, denominato Daily Biorhythms<\/li>\n\n\n\n<li><strong>L&#8217;individuo<\/strong>&nbsp;&nbsp;(denominato &#8220;lo Sviluppatore&#8221;, &#8220;Noi&#8221;, &#8220;Ci&#8221; o &#8220;Nostro&#8221; nel presente Contratto) si riferisce a Daily Biorhythms.<\/li>\n\n\n\n<li><strong>Per Dispositivo<\/strong>&nbsp;&nbsp;si intende qualsiasi dispositivo che pu\u00f2 accedere al Servizio come un computer, un telefono cellulare o un tablet digitale.<\/li>\n\n\n\n<li><strong>I dati personali<\/strong>&nbsp;&nbsp;sono qualsiasi informazione relativa a un individuo identificato o identificabile.<\/li>\n\n\n\n<li><strong>Il servizio<\/strong>&nbsp;&nbsp;si riferisce all&#8217;applicazione.<\/li>\n\n\n\n<li><strong>I dati di utilizzo<\/strong>&nbsp;&nbsp;si riferiscono ai dati raccolti automaticamente, generati dall&#8217;utilizzo del Servizio o dall&#8217;infrastruttura del Servizio stesso (ad esempio, la durata della visita di una pagina).<\/li>\n\n\n\n<li><strong>Si<\/strong>&nbsp;&nbsp;intende l&#8217;individuo che accede o utilizza il Servizio, o la societ\u00e0 o altra entit\u00e0 legale per conto della quale tale individuo accede o utilizza il Servizio, a seconda dei casi.<\/li>\n<\/ul>\n\n\n\n<hr class=\"wp-block-separator has-alpha-channel-opacity\"\/>\n\n\n\n<h2 class=\"wp-block-heading\"><strong>Raccolta e utilizzo dei tuoi dati personali<\/strong><\/h2>\n\n\n\n<h3 class=\"wp-block-heading\"><strong>Tipi di dati raccolti<\/strong><\/h3>\n\n\n\n<h4 class=\"wp-block-heading\"><strong>Dati personali<\/strong><\/h4>\n\n\n\n<p>Questa Applicazione non raccoglie n\u00e9 richiede Dati Personali di alcun tipo.<\/p>\n\n\n\n<h4 class=\"wp-block-heading\"><strong>Dati di utilizzo<\/strong><\/h4>\n\n\n\n<p>Nessun dato di utilizzo viene raccolto, archiviato o trasferito durante l&#8217;utilizzo dell&#8217;Applicazione.&nbsp;Le informazioni che inserisci su Cibo e Pasti vengono memorizzate solo sul tuo dispositivo.&nbsp;Se abiliti la sincronizzazione iCloud per l&#8217;Applicazione, i dati vengono archiviati nel tuo account iCloud e sono disponibili solo per te.<\/p>\n\n\n\n<h3 class=\"wp-block-heading\"><strong>Utilizzo dei tuoi dati personali<\/strong><\/h3>\n\n\n\n<p>I tuoi Dati Personali non verranno utilizzati per alcuno scopo poich\u00e9 nessun dato personale viene raccolto dall&#8217;Applicazione.<\/p>\n\n\n\n<h3 class=\"wp-block-heading\"><strong>Conservazione dei tuoi dati personali<\/strong><\/h3>\n\n\n\n<p>Non esiste un periodo di conservazione dei tuoi dati personali perch\u00e9 nessun dato personale viene raccolto, raccolto o trasferito da te o dal tuo dispositivo.<\/p>\n\n\n\n<h3 class=\"wp-block-heading\"><strong>Trasferimento dei tuoi dati personali<\/strong><\/h3>\n\n\n\n<p>Non raccogliamo n\u00e9 raccogliamo alcun dato personale da te.<\/p>\n\n\n\n<h3 class=\"wp-block-heading\"><strong>Divulgazione dei tuoi dati personali<\/strong><\/h3>\n\n\n\n<h4 class=\"wp-block-heading\"><strong>Transazione d&#8217;affari<\/strong><\/h4>\n\n\n\n<p>Se siamo coinvolti in una fusione, acquisizione o vendita di beni, i tuoi dati personali non saranno trasferiti poich\u00e9 non raccogliamo alcun dato personale da te.&nbsp;Forniremo un avviso prima che l&#8217;Applicazione venga trasferita e diventi soggetta a una diversa Informativa sulla privacy.&nbsp;Chiederemo esplicitamente il tuo consenso per la nuova Informativa sulla privacy, se applicabile.<\/p>\n\n\n\n<h4 class=\"wp-block-heading\"><strong>Applicazione della legge<\/strong><\/h4>\n\n\n\n<p>In determinate circostanze, allo Sviluppatore potrebbe essere richiesto di divulgare i tuoi dati personali se richiesto dalla legge o in risposta a richieste valide da parte delle autorit\u00e0 pubbliche (ad esempio un tribunale o un&#8217;agenzia governativa).&nbsp;Tuttavia, nessun Dato Personale viene raccolto, raccolto o trasferito da questa Applicazione.&nbsp;Non abbiamo alcun modo per identificare chi sta utilizzando l&#8217;Applicazione.<\/p>\n\n\n\n<h4 class=\"wp-block-heading\"><strong>Altri requisiti legali<\/strong><\/h4>\n\n\n\n<p>Poich\u00e9 non raccogliamo alcun dato personale dall&#8217;utente, non si applicano altri requisiti legali.&nbsp;Sei libero di disinstallare l&#8217;Applicazione in qualsiasi momento e contemporaneamente tutti i dati verranno eliminati dal Tuo Dispositivo.<\/p>\n\n\n\n<h3 class=\"wp-block-heading\"><strong>Sicurezza dei tuoi dati personali<\/strong><\/h3>\n\n\n\n<p>La sicurezza dei tuoi dati personali \u00e8 importante per noi.&nbsp;Pertanto, non raccogliamo, raccogliamo o trasferiamo alcun dato personale dei nostri utenti.<\/p>\n\n\n\n<hr class=\"wp-block-separator has-alpha-channel-opacity\"\/>\n\n\n\n<h2 class=\"wp-block-heading\"><strong>Privacy dei bambini<\/strong><\/h2>\n\n\n\n<p>La nostra Applicazione pu\u00f2 essere utilizzata da chiunque sotto controllo medico.&nbsp;Non raccogliamo consapevolmente informazioni di identificazione personale da persone di et\u00e0 inferiore o superiore a 13 anni. Se sei un genitore o tutore, sei l&#8217;unico responsabile di decidere se i tuoi figli possono scaricare o utilizzare l&#8217;Applicazione.<\/p>\n\n\n\n<p>Se il tuo Paese di residenza richiede il consenso di un genitore per installare un&#8217;applicazione dall&#8217;AppStore, ne sei l&#8217;unico responsabile utilizzando i controlli parentali appropriati.<\/p>\n\n\n\n<p>La nostra Applicazione \u00e8 adatta a bambini di et\u00e0 inferiore a 13 anni poich\u00e9 non raccogliamo, raccogliamo o trasferiamo alcun dato personale.&nbsp;Incoraggiamo tutti a chiedere controllo medico prima di utilizzare questa Applicazione.<\/p>\n\n\n\n<hr class=\"wp-block-separator has-alpha-channel-opacity\"\/>\n\n\n\n<h2 class=\"wp-block-heading\"><strong>Collegamenti ad altri siti Web<\/strong><\/h2>\n\n\n\n<p>La nostra Applicazione non include alcun collegamento ad altri siti web.<\/p>\n\n\n\n<hr class=\"wp-block-separator has-alpha-channel-opacity\"\/>\n\n\n\n<h2 class=\"wp-block-heading\"><strong>Modifiche alla presente Informativa sulla privacy<\/strong><\/h2>\n\n\n\n<p>Potremmo aggiornare la nostra Informativa sulla privacy di tanto in tanto.&nbsp;Ti informeremo di eventuali modifiche pubblicando la nuova Informativa sulla privacy in questa pagina.<\/p>\n\n\n\n<p>Ti informeremo tramite un avviso ben visibile sulla nostra Applicazione, prima che la modifica diventi effettiva e aggiorneremo la data &#8220;Ultimo aggiornamento&#8221; nella parte superiore della presente Informativa sulla privacy.&nbsp;Chiederemo esplicitamente il tuo consenso dopo aver aggiornato l&#8217;Applicazione se iniziamo a raccogliere i tuoi dati personali.<\/p>\n\n\n\n<p>Si consiglia di rivedere periodicamente la presente Informativa sulla privacy per eventuali modifiche.&nbsp;Le modifiche alla presente Informativa sulla privacy diventano effettive quando vengono pubblicate su questa pagina.<\/p>\n","protected":false},"excerpt":{"rendered":"<p>Ultimo aggiornamento: 6 gennaio 2024. Applicabile dalla versione dell&#8217;applicazione 1.0.0. La presente Informativa sulla privacy descrive le nostre politiche e procedure sulla raccolta, l&#8217;uso e la divulgazione delle tue informazioni quando utilizzi l&#8217;Applicazione e ti informa sui tuoi diritti alla privacy e su come la legge ti protegge. Non utilizziamo i tuoi dati personali per [&hellip;]<\/p>\n","protected":false},"author":2,"featured_media":0,"parent":0,"menu_order":0,"comment_status":"closed","ping_status":"closed","template":"","meta":{"_themeisle_gutenberg_block_has_review":false,"footnotes":""},"class_list":["post-53","page","type-page","status-publish","hentry"],"jetpack_sharing_enabled":true,"_links":{"self":[{"href":"https:\/\/karbs.app\/it\/wp-json\/wp\/v2\/pages\/53","targetHints":{"allow":["GET"]}}],"collection":[{"href":"https:\/\/karbs.app\/it\/wp-json\/wp\/v2\/pages"}],"about":[{"href":"https:\/\/karbs.app\/it\/wp-json\/wp\/v2\/types\/page"}],"author":[{"embeddable":true,"href":"https:\/\/karbs.app\/it\/wp-json\/wp\/v2\/users\/2"}],"replies":[{"embeddable":true,"href":"https:\/\/karbs.app\/it\/wp-json\/wp\/v2\/comments?post=53"}],"version-history":[{"count":12,"href":"https:\/\/karbs.app\/it\/wp-json\/wp\/v2\/pages\/53\/revisions"}],"predecessor-version":[{"id":92,"href":"https:\/\/karbs.app\/it\/wp-json\/wp\/v2\/pages\/53\/revisions\/92"}],"wp:attachment":[{"href":"https:\/\/karbs.app\/it\/wp-json\/wp\/v2\/media?parent=53"}],"curies":[{"name":"wp","href":"https:\/\/api.w.org\/{rel}","templated":true}]}}