{"id":55,"date":"2024-01-04T19:42:32","date_gmt":"2024-01-04T19:42:32","guid":{"rendered":"https:\/\/karbs.app\/?page_id=55"},"modified":"2024-01-04T20:37:20","modified_gmt":"2024-01-04T20:37:20","slug":"legal-notice","status":"publish","type":"page","link":"https:\/\/karbs.app\/fr\/legal-notice\/","title":{"rendered":"Mention l\u00e9gale"},"content":{"rendered":"\n<p><strong>Attention\u00a0: Cette application peut vous causer de graves dommages en cas de mauvaise utilisation.<\/strong><\/p>\n\n\n\n<p>Si vous \u00eates un patient atteint d&rsquo;une maladie m\u00e9tabolique telle que le diab\u00e8te, votre m\u00e9decin doit vous apprendre \u00e0 compter correctement les glucides \u00e0 partir des donn\u00e9es nutritionnelles. Vous devez arr\u00eater imm\u00e9diatement d&rsquo;utiliser cette application si vous ne savez pas comment compter les glucides. Si vous utilisez un calculateur de bolus et que vous injectez de l\u2019insuline sur la base d\u2019une quantit\u00e9 erron\u00e9e de glucides, vous pourriez courir un risque s\u00e9rieux, voire mortel.<\/p>\n\n\n\n<p>Si vous utilisez cette application, vous comprenez et acceptez que vous \u00eates seul responsable de sa bonne utilisation et de sa supervision par un professionnel.<\/p>\n\n\n\n<p><strong>Avertissement\u00a0: Cette application n&rsquo;est pas un dispositif m\u00e9dical r\u00e9glement\u00e9.<\/strong><\/p>\n\n\n\n<p><\/p>\n","protected":false},"excerpt":{"rendered":"<p>Attention\u00a0: Cette application peut vous causer de graves dommages en cas de mauvaise utilisation. Si vous \u00eates un patient atteint d&rsquo;une maladie m\u00e9tabolique telle que le diab\u00e8te, votre m\u00e9decin doit vous apprendre \u00e0 compter correctement les glucides \u00e0 partir des donn\u00e9es nutritionnelles. Vous devez arr\u00eater imm\u00e9diatement d&rsquo;utiliser cette application si vous ne savez pas comment [&hellip;]<\/p>\n","protected":false},"author":2,"featured_media":0,"parent":0,"menu_order":0,"comment_status":"closed","ping_status":"closed","template":"","meta":{"_themeisle_gutenberg_block_has_review":false,"footnotes":""},"class_list":["post-55","page","type-page","status-publish","hentry"],"jetpack_sharing_enabled":true,"_links":{"self":[{"href":"https:\/\/karbs.app\/fr\/wp-json\/wp\/v2\/pages\/55","targetHints":{"allow":["GET"]}}],"collection":[{"href":"https:\/\/karbs.app\/fr\/wp-json\/wp\/v2\/pages"}],"about":[{"href":"https:\/\/karbs.app\/fr\/wp-json\/wp\/v2\/types\/page"}],"author":[{"embeddable":true,"href":"https:\/\/karbs.app\/fr\/wp-json\/wp\/v2\/users\/2"}],"replies":[{"embeddable":true,"href":"https:\/\/karbs.app\/fr\/wp-json\/wp\/v2\/comments?post=55"}],"version-history":[{"count":10,"href":"https:\/\/karbs.app\/fr\/wp-json\/wp\/v2\/pages\/55\/revisions"}],"predecessor-version":[{"id":81,"href":"https:\/\/karbs.app\/fr\/wp-json\/wp\/v2\/pages\/55\/revisions\/81"}],"wp:attachment":[{"href":"https:\/\/karbs.app\/fr\/wp-json\/wp\/v2\/media?parent=55"}],"curies":[{"name":"wp","href":"https:\/\/api.w.org\/{rel}","templated":true}]}}