{"id":53,"date":"2024-01-04T19:41:37","date_gmt":"2024-01-04T19:41:37","guid":{"rendered":"https:\/\/karbs.app\/?page_id=53"},"modified":"2024-01-04T20:49:19","modified_gmt":"2024-01-04T20:49:19","slug":"privacy-policy","status":"publish","type":"page","link":"https:\/\/karbs.app\/fr\/privacy-policy\/","title":{"rendered":"Politique de confidentialit\u00e9"},"content":{"rendered":"\n<p><em>Derni\u00e8re mise \u00e0 jour : 6 janvier 2024. Applicable \u00e0 partir de la version 1.0.0 de l&rsquo;Application.<\/em><\/p>\n\n\n\n<p>Cette politique de confidentialit\u00e9 d\u00e9crit nos politiques et proc\u00e9dures relatives \u00e0 la collecte, \u00e0 l&rsquo;utilisation et \u00e0 la divulgation de vos informations lorsque vous utilisez l&rsquo;application et vous informe de vos droits en mati\u00e8re de confidentialit\u00e9 et de la mani\u00e8re dont la loi vous prot\u00e8ge.<\/p>\n\n\n\n<p>Nous n&rsquo;utilisons pas vos donn\u00e9es personnelles pour fournir et am\u00e9liorer le service.&nbsp;En utilisant le Service, vous acceptez que nous ne collections ni n&rsquo;utilisions vos donn\u00e9es personnelles de quelque mani\u00e8re que ce soit.<\/p>\n\n\n\n<p>Cette application est vendue dans l&rsquo;AppStore par un particulier portant le nom de Cristian Ortega G\u00f3mez et l&rsquo;identit\u00e9 nationale ES46978568X d&rsquo;Espagne (UE).<\/p>\n\n\n\n<hr class=\"wp-block-separator has-alpha-channel-opacity\"\/>\n\n\n\n<h2 class=\"wp-block-heading\"><strong>Interpr\u00e9tation et d\u00e9finitions<\/strong><\/h2>\n\n\n\n<h2 class=\"wp-block-heading\"><strong>Interpr\u00e9tation<\/strong><\/h2>\n\n\n\n<p>Les mots dont la lettre initiale est en majuscule ont des significations d\u00e9finies dans les conditions suivantes.&nbsp;Les d\u00e9finitions suivantes auront la m\u00eame signification qu\u2019elles apparaissent au singulier ou au pluriel.<\/p>\n\n\n\n<h3 class=\"wp-block-heading\"><strong>D\u00e9finitions<\/strong><\/h3>\n\n\n\n<p>Aux fins de cette politique de confidentialit\u00e9&nbsp;:<\/p>\n\n\n\n<ul class=\"wp-block-list\">\n<li><strong>Compte<\/strong>&nbsp;&nbsp;d\u00e9signe un compte unique cr\u00e9\u00e9 pour vous permettre d&rsquo;acc\u00e9der \u00e0 notre service ou \u00e0 des parties de notre service.<\/li>\n\n\n\n<li><strong>Filiale<\/strong>&nbsp;&nbsp;d\u00e9signe une entit\u00e9 qui contr\u00f4le, est contr\u00f4l\u00e9e par ou est sous contr\u00f4le commun avec un parti, o\u00f9 \u00ab&nbsp;contr\u00f4le&nbsp;\u00bb d\u00e9signe la propri\u00e9t\u00e9 de 50&nbsp;% ou plus des actions, participations ou autres titres donnant droit \u00e0 voter pour l&rsquo;\u00e9lection d&rsquo;administrateurs ou d&rsquo;autres autorit\u00e9s de gestion. .<\/li>\n\n\n\n<li><strong>Application<\/strong>&nbsp;&nbsp;d\u00e9signe le logiciel fourni par l&rsquo;individu t\u00e9l\u00e9charg\u00e9 par vous sur tout appareil \u00e9lectronique, nomm\u00e9 Daily Biorhythms.<\/li>\n\n\n\n<li><strong>L&rsquo;individu<\/strong>&nbsp;&nbsp;(d\u00e9sign\u00e9 par \u00ab le d\u00e9veloppeur \u00bb, \u00ab nous \u00bb, \u00ab notre \u00bb ou \u00ab notre \u00bb dans le pr\u00e9sent accord) fait r\u00e9f\u00e9rence aux biorythmes quotidiens.<\/li>\n\n\n\n<li><strong>Appareil<\/strong>&nbsp;&nbsp;d\u00e9signe tout appareil pouvant acc\u00e9der au Service tel qu&rsquo;un ordinateur, un t\u00e9l\u00e9phone portable ou une tablette num\u00e9rique.<\/li>\n\n\n\n<li><strong>Les donn\u00e9es personnelles<\/strong>&nbsp;&nbsp;sont toute information relative \u00e0 une personne identifi\u00e9e ou identifiable.<\/li>\n\n\n\n<li><strong>Service<\/strong>&nbsp;&nbsp;fait r\u00e9f\u00e9rence \u00e0 l\u2019Application.<\/li>\n\n\n\n<li><strong>Les Donn\u00e9es d&rsquo;Utilisation<\/strong>&nbsp;&nbsp;font r\u00e9f\u00e9rence aux donn\u00e9es collect\u00e9es automatiquement, soit g\u00e9n\u00e9r\u00e9es par l&rsquo;utilisation du Service, soit \u00e0 partir de l&rsquo;infrastructure du Service elle-m\u00eame (par exemple, la dur\u00e9e d&rsquo;une visite d&rsquo;une page).<\/li>\n\n\n\n<li><strong>Vous<\/strong>&nbsp;&nbsp;d\u00e9signez la personne acc\u00e9dant ou utilisant le Service, ou la soci\u00e9t\u00e9 ou autre entit\u00e9 juridique au nom de laquelle cette personne acc\u00e8de ou utilise le Service, selon le cas.<\/li>\n<\/ul>\n\n\n\n<hr class=\"wp-block-separator has-alpha-channel-opacity\"\/>\n\n\n\n<h2 class=\"wp-block-heading\"><strong>Collecte et utilisation de vos donn\u00e9es personnelles<\/strong><\/h2>\n\n\n\n<h3 class=\"wp-block-heading\"><strong>Types de donn\u00e9es collect\u00e9es<\/strong><\/h3>\n\n\n\n<h4 class=\"wp-block-heading\"><strong>Donn\u00e9es personnelles<\/strong><\/h4>\n\n\n\n<p>Cette application ne collecte ni ne demande de donn\u00e9es personnelles d&rsquo;aucune sorte.<\/p>\n\n\n\n<h4 class=\"wp-block-heading\"><strong>Des donn\u00e9es d&rsquo;utilisation<\/strong><\/h4>\n\n\n\n<p>Aucune donn\u00e9e d&rsquo;utilisation n&rsquo;est collect\u00e9e, stock\u00e9e ou transf\u00e9r\u00e9e lors de l&rsquo;utilisation de l&rsquo;application.&nbsp;Les informations que vous saisissez sur la nourriture et les repas sont uniquement stock\u00e9es sur votre appareil.&nbsp;Si vous activez la synchronisation iCloud pour l&rsquo;application, les donn\u00e9es sont stock\u00e9es dans votre compte iCloud et uniquement disponibles pour vous.<\/p>\n\n\n\n<h3 class=\"wp-block-heading\"><strong>Utilisation de vos donn\u00e9es personnelles<\/strong><\/h3>\n\n\n\n<p>Vos donn\u00e9es personnelles ne seront utilis\u00e9es \u00e0 aucune fin car aucune donn\u00e9e personnelle n\u2019est collect\u00e9e \u00e0 partir de l\u2019application.<\/p>\n\n\n\n<h3 class=\"wp-block-heading\"><strong>Conservation de vos donn\u00e9es personnelles<\/strong><\/h3>\n\n\n\n<p>Il n&rsquo;y a pas de p\u00e9riode de conservation pour vos donn\u00e9es personnelles car aucune donn\u00e9e personnelle n&rsquo;est collect\u00e9e, collect\u00e9e ou transf\u00e9r\u00e9e depuis vous ou votre appareil.<\/p>\n\n\n\n<h3 class=\"wp-block-heading\"><strong>Transfert de vos donn\u00e9es personnelles<\/strong><\/h3>\n\n\n\n<p>Nous ne collectons ni ne collectons aucune donn\u00e9e personnelle vous concernant.<\/p>\n\n\n\n<h3 class=\"wp-block-heading\"><strong>Divulgation de vos donn\u00e9es personnelles<\/strong><\/h3>\n\n\n\n<h4 class=\"wp-block-heading\"><strong>Transactions commerciales<\/strong><\/h4>\n\n\n\n<p>Si nous sommes impliqu\u00e9s dans une fusion, une acquisition ou une vente d\u2019actifs, vos donn\u00e9es personnelles ne seront pas transf\u00e9r\u00e9es car nous ne collectons aucune donn\u00e9e personnelle aupr\u00e8s de vous.&nbsp;Nous vous fournirons un pr\u00e9avis avant que l&rsquo;application ne soit transf\u00e9r\u00e9e et ne soit soumise \u00e0 une politique de confidentialit\u00e9 diff\u00e9rente.&nbsp;Nous vous demanderons explicitement votre consentement pour la nouvelle politique de confidentialit\u00e9, le cas \u00e9ch\u00e9ant.<\/p>\n\n\n\n<h4 class=\"wp-block-heading\"><strong>Forces de l&rsquo;ordre<\/strong><\/h4>\n\n\n\n<p>Dans certaines circonstances, le D\u00e9veloppeur peut \u00eatre tenu de divulguer vos donn\u00e9es personnelles si la loi l&rsquo;exige ou en r\u00e9ponse \u00e0 des demandes valables des autorit\u00e9s publiques (par exemple un tribunal ou un organisme gouvernemental).&nbsp;Cependant, aucune Donn\u00e9e Personnelle n\u2019est collect\u00e9e, collect\u00e9e ou transf\u00e9r\u00e9e \u00e0 partir de cette Application.&nbsp;Nous n&rsquo;avons aucun moyen d&rsquo;identifier qui utilise l&rsquo;Application.<\/p>\n\n\n\n<h4 class=\"wp-block-heading\"><strong>Autres exigences l\u00e9gales<\/strong><\/h4>\n\n\n\n<p>\u00c9tant donn\u00e9 que nous ne collectons aucune donn\u00e9e personnelle aupr\u00e8s de vous, aucune autre exigence l\u00e9gale ne s\u2019applique.&nbsp;Vous \u00eates libre de d\u00e9sinstaller l&rsquo;Application \u00e0 tout moment et toutes les donn\u00e9es seront supprim\u00e9es de votre appareil en m\u00eame temps.<\/p>\n\n\n\n<h3 class=\"wp-block-heading\"><strong>S\u00e9curit\u00e9 de vos donn\u00e9es personnelles<\/strong><\/h3>\n\n\n\n<p>La s\u00e9curit\u00e9 de vos donn\u00e9es personnelles est importante pour nous.&nbsp;Par cons\u00e9quent, nous ne collectons, ne rassemblons ni ne transf\u00e9rons aucune donn\u00e9e personnelle de nos utilisateurs.<\/p>\n\n\n\n<hr class=\"wp-block-separator has-alpha-channel-opacity\"\/>\n\n\n\n<h2 class=\"wp-block-heading\"><strong>Confidentialit\u00e9 des enfants<\/strong><\/h2>\n\n\n\n<p>Notre Application peut \u00eatre utilis\u00e9e par toute personne b\u00e9n\u00e9ficiant d\u2019un suivi m\u00e9dical.&nbsp;Nous ne collectons pas sciemment d&rsquo;informations personnellement identifiables aupr\u00e8s de toute personne \u00e2g\u00e9e de moins ou de plus de 13 ans. Si vous \u00eates un parent ou un tuteur, vous \u00eates seul responsable de d\u00e9cider si vos enfants peuvent t\u00e9l\u00e9charger ou utiliser l&rsquo;application.<\/p>\n\n\n\n<p>Si votre pays de r\u00e9sidence n\u00e9cessite le consentement d&rsquo;un parent pour installer une application depuis l&rsquo;AppStore, vous en \u00eates seul responsable en utilisant le contr\u00f4le parental appropri\u00e9.<\/p>\n\n\n\n<p>Notre Application convient aux enfants de moins de 13 ans car nous ne collectons, ne collectons ni ne transf\u00e9rons aucune donn\u00e9e personnelle.&nbsp;Nous encourageons chacun \u00e0 demander une surveillance m\u00e9dicale avant d&rsquo;utiliser cette application.<\/p>\n\n\n\n<hr class=\"wp-block-separator has-alpha-channel-opacity\"\/>\n\n\n\n<h2 class=\"wp-block-heading\"><strong>Liens vers d&rsquo;autres sites Web<\/strong><\/h2>\n\n\n\n<p>Notre Application ne comprend aucun lien vers d\u2019autres sites Web.<\/p>\n\n\n\n<hr class=\"wp-block-separator has-alpha-channel-opacity\"\/>\n\n\n\n<h2 class=\"wp-block-heading\"><strong>Modifications de cette politique de confidentialit\u00e9<\/strong><\/h2>\n\n\n\n<p>Nous pouvons mettre \u00e0 jour notre politique de confidentialit\u00e9 de temps \u00e0 autre.&nbsp;Nous vous informerons de tout changement en publiant la nouvelle politique de confidentialit\u00e9 sur cette page.<\/p>\n\n\n\n<p>Nous vous en informerons via un avis bien visible sur notre application, avant que le changement n&rsquo;entre en vigueur et mettrons \u00e0 jour la date de \u00ab Derni\u00e8re mise \u00e0 jour \u00bb en haut de cette politique de confidentialit\u00e9.&nbsp;Nous vous demanderons explicitement votre consentement apr\u00e8s la mise \u00e0 jour de l&rsquo;Application si nous commen\u00e7ons \u00e0 collecter vos donn\u00e9es personnelles.<\/p>\n\n\n\n<p>Il vous est conseill\u00e9 de consulter p\u00e9riodiquement cette politique de confidentialit\u00e9 pour tout changement.&nbsp;Les modifications apport\u00e9es \u00e0 cette politique de confidentialit\u00e9 entrent en vigueur d\u00e8s leur publication sur cette page.<\/p>\n","protected":false},"excerpt":{"rendered":"<p>Derni\u00e8re mise \u00e0 jour : 6 janvier 2024. Applicable \u00e0 partir de la version 1.0.0 de l&rsquo;Application. Cette politique de confidentialit\u00e9 d\u00e9crit nos politiques et proc\u00e9dures relatives \u00e0 la collecte, \u00e0 l&rsquo;utilisation et \u00e0 la divulgation de vos informations lorsque vous utilisez l&rsquo;application et vous informe de vos droits en mati\u00e8re de confidentialit\u00e9 et de [&hellip;]<\/p>\n","protected":false},"author":2,"featured_media":0,"parent":0,"menu_order":0,"comment_status":"closed","ping_status":"closed","template":"","meta":{"_themeisle_gutenberg_block_has_review":false,"footnotes":""},"class_list":["post-53","page","type-page","status-publish","hentry"],"jetpack_sharing_enabled":true,"_links":{"self":[{"href":"https:\/\/karbs.app\/fr\/wp-json\/wp\/v2\/pages\/53","targetHints":{"allow":["GET"]}}],"collection":[{"href":"https:\/\/karbs.app\/fr\/wp-json\/wp\/v2\/pages"}],"about":[{"href":"https:\/\/karbs.app\/fr\/wp-json\/wp\/v2\/types\/page"}],"author":[{"embeddable":true,"href":"https:\/\/karbs.app\/fr\/wp-json\/wp\/v2\/users\/2"}],"replies":[{"embeddable":true,"href":"https:\/\/karbs.app\/fr\/wp-json\/wp\/v2\/comments?post=53"}],"version-history":[{"count":12,"href":"https:\/\/karbs.app\/fr\/wp-json\/wp\/v2\/pages\/53\/revisions"}],"predecessor-version":[{"id":92,"href":"https:\/\/karbs.app\/fr\/wp-json\/wp\/v2\/pages\/53\/revisions\/92"}],"wp:attachment":[{"href":"https:\/\/karbs.app\/fr\/wp-json\/wp\/v2\/media?parent=53"}],"curies":[{"name":"wp","href":"https:\/\/api.w.org\/{rel}","templated":true}]}}