{"id":24,"date":"2024-01-04T18:37:58","date_gmt":"2024-01-04T18:37:58","guid":{"rendered":"https:\/\/karbs.app\/?page_id=24"},"modified":"2024-01-31T19:48:34","modified_gmt":"2024-01-31T19:48:34","slug":"home","status":"publish","type":"page","link":"https:\/\/karbs.app\/fr\/","title":{"rendered":"Home"},"content":{"rendered":"\n<div class=\"wp-block-group alignfull has-raft-bg-alt-background-color has-background is-layout-constrained wp-container-core-group-is-layout-6f69edf4 wp-block-group-is-layout-constrained\" style=\"margin-top:0px;margin-bottom:0px;padding-top:0;padding-right:var(--wp--preset--spacing--40);padding-bottom:0;padding-left:var(--wp--preset--spacing--40)\">\n<div class=\"wp-block-group alignwide is-layout-flow wp-block-group-is-layout-flow\">\n<div class=\"wp-block-columns is-layout-flex wp-container-core-columns-is-layout-28f84493 wp-block-columns-is-layout-flex\">\n<div class=\"wp-block-column is-vertically-aligned-center is-layout-flow wp-block-column-is-layout-flow\" style=\"padding-top:0;padding-bottom:0\">\n<div style=\"height:4px\" aria-hidden=\"true\" class=\"wp-block-spacer\"><\/div>\n\n\n\n<p class=\"has-small-font-size\" style=\"font-style:normal;font-weight:600;letter-spacing:2px;text-transform:uppercase\">LE COMPTAGE DES GLUCIDES FACILE<\/p>\n\n\n\n<h1 class=\"wp-block-heading has-text-align-left\">Fabriqu\u00e9 avec amour pour les patients diab\u00e9tiques<\/h1>\n\n\n\n<p class=\"has-text-align-left\">Compatible avec iOS 16.4 ou version ult\u00e9rieure.<\/p>\n\n\n\n<div style=\"height:23px\" aria-hidden=\"true\" class=\"wp-block-spacer\"><\/div>\n\n\n\n<figure class=\"wp-block-image size-full is-resized\"><a href=\"https:\/\/apps.apple.com\/app\/karbs\/id6475366360\" target=\"_blank\" rel=\"noreferrer noopener\"><img loading=\"lazy\" decoding=\"async\" width=\"126\" height=\"40\" src=\"https:\/\/karbs.app\/wp-content\/uploads\/sites\/4\/2024\/01\/Download_on_the_App_Store_Badge_FR_RGB_blk_100517.svg\" alt=\"\" class=\"wp-image-144\" style=\"width:167px;height:auto\"\/><\/a><\/figure>\n\n\n\n<div style=\"height:22px\" aria-hidden=\"true\" class=\"wp-block-spacer\"><\/div>\n<\/div>\n\n\n\n<div class=\"wp-block-column is-vertically-aligned-bottom is-layout-flow wp-block-column-is-layout-flow\">\n<figure class=\"wp-block-image size-large is-resized\"><img loading=\"lazy\" decoding=\"async\" width=\"829\" height=\"1024\" src=\"https:\/\/karbs.app\/wp-content\/uploads\/sites\/4\/2024\/01\/food_fr-829x1024.png\" alt=\"\" class=\"wp-image-118\" style=\"aspect-ratio:1;object-fit:contain;width:486px;height:auto\" srcset=\"https:\/\/karbs.app\/wp-content\/uploads\/sites\/4\/2024\/01\/food_fr-829x1024.png 829w, https:\/\/karbs.app\/wp-content\/uploads\/sites\/4\/2024\/01\/food_fr-243x300.png 243w, https:\/\/karbs.app\/wp-content\/uploads\/sites\/4\/2024\/01\/food_fr-768x949.png 768w, https:\/\/karbs.app\/wp-content\/uploads\/sites\/4\/2024\/01\/food_fr-1244x1536.png 1244w, https:\/\/karbs.app\/wp-content\/uploads\/sites\/4\/2024\/01\/food_fr.png 1429w\" sizes=\"auto, (max-width: 829px) 100vw, 829px\" \/><\/figure>\n<\/div>\n<\/div>\n<\/div>\n<\/div>\n\n\n\n<div class=\"wp-block-group alignfull has-raft-fg-alt-color has-raft-bg-inv-background-color has-text-color has-background has-link-color wp-elements-2008b2be3331b73aa0960839165dfa3b is-layout-constrained wp-container-core-group-is-layout-5be2cbe1 wp-block-group-is-layout-constrained\" style=\"margin-top:0;margin-bottom:0;padding-top:var(--wp--preset--spacing--80);padding-right:var(--wp--preset--spacing--40);padding-bottom:var(--wp--preset--spacing--80);padding-left:var(--wp--preset--spacing--40)\">\n<div class=\"wp-block-columns alignwide is-layout-flex wp-container-core-columns-is-layout-08c01c1c wp-block-columns-is-layout-flex\">\n<div class=\"wp-block-column is-layout-flow wp-container-core-column-is-layout-1854fbe9 wp-block-column-is-layout-flow\" style=\"border-top-style:none;border-top-width:0px;border-right-style:none;border-right-width:0px;border-bottom-style:none;border-bottom-width:0px;border-left-width:4px;padding-left:var(--wp--preset--spacing--40)\">\n<h3 class=\"wp-block-heading has-text-align-left has-medium-font-size\">Votre propre nourriture<\/h3>\n\n\n\n<p class=\"has-text-align-left\">Ajoutez la nourriture que vous achetez habituellement au supermarch\u00e9 ou que vous commandez dans votre restaurant pr\u00e9f\u00e9r\u00e9.<\/p>\n<\/div>\n\n\n\n<div class=\"wp-block-column is-layout-flow wp-container-core-column-is-layout-1854fbe9 wp-block-column-is-layout-flow\" style=\"border-top-style:none;border-top-width:0px;border-right-style:none;border-right-width:0px;border-bottom-style:none;border-bottom-width:0px;border-left-width:4px;padding-left:var(--wp--preset--spacing--40)\">\n<h3 class=\"wp-block-heading has-text-align-left has-medium-font-size\">Repas comptant en secondes<\/h3>\n\n\n\n<p class=\"has-text-align-left\">Choisissez simplement parmi votre propre liste d&rsquo;aliments et ajoutez la quantit\u00e9 souhait\u00e9e pour chaque article.<\/p>\n<\/div>\n\n\n\n<div class=\"wp-block-column is-layout-flow wp-container-core-column-is-layout-1854fbe9 wp-block-column-is-layout-flow\" style=\"border-top-style:none;border-top-width:0px;border-right-style:none;border-right-width:0px;border-bottom-style:none;border-bottom-width:0px;border-left-width:4px;padding-left:var(--wp--preset--spacing--40)\">\n<h3 class=\"wp-block-heading has-text-align-left has-medium-font-size\">Un compagnon id\u00e9al<\/h3>\n\n\n\n<p class=\"has-text-align-left\">Utilisez-le avec votre propre calculateur de bolus et comptez les repas et les doses d&rsquo;insuline comme jamais auparavant.<\/p>\n<\/div>\n<\/div>\n<\/div>\n\n\n\n<div class=\"wp-block-group alignfull is-layout-constrained wp-container-core-group-is-layout-73eab25f wp-block-group-is-layout-constrained\" style=\"margin-top:0;margin-bottom:0;padding-top:var(--wp--preset--spacing--80);padding-right:var(--wp--preset--spacing--40);padding-bottom:var(--wp--preset--spacing--80);padding-left:var(--wp--preset--spacing--40)\">\n<div class=\"wp-block-columns alignwide is-layout-flex wp-container-core-columns-is-layout-47c06fe3 wp-block-columns-is-layout-flex\">\n<div class=\"wp-block-column is-layout-flow wp-block-column-is-layout-flow\">\n<figure class=\"wp-block-image size-full\"><img loading=\"lazy\" decoding=\"async\" width=\"683\" height=\"621\" src=\"https:\/\/karbs.app\/wp-content\/uploads\/sites\/4\/2024\/01\/meal_mockup.png\" alt=\"\" class=\"wp-image-20\" style=\"aspect-ratio:1;object-fit:cover\" srcset=\"https:\/\/karbs.app\/wp-content\/uploads\/sites\/4\/2024\/01\/meal_mockup.png 683w, https:\/\/karbs.app\/wp-content\/uploads\/sites\/4\/2024\/01\/meal_mockup-300x273.png 300w\" sizes=\"auto, (max-width: 683px) 100vw, 683px\" \/><\/figure>\n<\/div>\n\n\n\n<div class=\"wp-block-column is-vertically-aligned-center is-layout-flow wp-block-column-is-layout-flow\">\n<h2 class=\"wp-block-heading\">Personnalisez-le selon vos besoins<\/h2>\n\n\n\n<p>Vous pouvez enti\u00e8rement choisir l&rsquo;\u00e9quivalence en grammes pour un \u00e9change. Ou utilisez simplement les grammes pour compter les repas \u00e0 partir de la valeur nutritionnelle.<\/p>\n\n\n\n<div style=\"height:29px\" aria-hidden=\"true\" class=\"wp-block-spacer\"><\/div>\n\n\n\n<figure class=\"wp-block-image size-full is-resized\"><a href=\"https:\/\/apps.apple.com\/app\/karbs\/id6475366360\" target=\"_blank\" rel=\"noreferrer noopener\"><img loading=\"lazy\" decoding=\"async\" width=\"126\" height=\"40\" src=\"https:\/\/karbs.app\/wp-content\/uploads\/sites\/4\/2024\/01\/Download_on_the_App_Store_Badge_FR_RGB_blk_100517.svg\" alt=\"\" class=\"wp-image-144\" style=\"width:167px;height:auto\"\/><\/a><\/figure>\n<\/div>\n<\/div>\n<\/div>\n\n\n\n<div class=\"wp-block-group alignfull has-raft-bg-alt-background-color has-background is-layout-constrained wp-container-core-group-is-layout-73eab25f wp-block-group-is-layout-constrained\" style=\"margin-top:0;margin-bottom:0;padding-top:var(--wp--preset--spacing--80);padding-right:var(--wp--preset--spacing--40);padding-bottom:var(--wp--preset--spacing--80);padding-left:var(--wp--preset--spacing--40)\">\n<div class=\"wp-block-group alignwide is-layout-flow wp-container-core-group-is-layout-19eabfb7 wp-block-group-is-layout-flow\">\n<figure class=\"wp-block-image aligncenter size-full is-resized is-style-rounded\"><img loading=\"lazy\" decoding=\"async\" width=\"716\" height=\"716\" src=\"https:\/\/karbs.app\/wp-content\/uploads\/sites\/4\/2024\/01\/C6CC133D-9BDF-48A0-A8D0-8C654AC432C1_1_105_c-e1704391127740.jpeg\" alt=\"\" class=\"wp-image-11\" style=\"aspect-ratio:1;object-fit:cover;width:88px\" srcset=\"https:\/\/karbs.app\/wp-content\/uploads\/sites\/4\/2024\/01\/C6CC133D-9BDF-48A0-A8D0-8C654AC432C1_1_105_c-e1704391127740.jpeg 716w, https:\/\/karbs.app\/wp-content\/uploads\/sites\/4\/2024\/01\/C6CC133D-9BDF-48A0-A8D0-8C654AC432C1_1_105_c-e1704391127740-300x300.jpeg 300w, https:\/\/karbs.app\/wp-content\/uploads\/sites\/4\/2024\/01\/C6CC133D-9BDF-48A0-A8D0-8C654AC432C1_1_105_c-e1704391127740-150x150.jpeg 150w\" sizes=\"auto, (max-width: 716px) 100vw, 716px\" \/><\/figure>\n\n\n\n<p class=\"has-text-align-center has-medium-font-size\">\u00ab\u00a0Karbs m&rsquo;aide \u00e0 conserver ma propre liste de nourriture pour compter mes repas en quelques secondes seulement. C&rsquo;est le compagnon id\u00e9al du calculateur de bolus que j&rsquo;utilise au quotidien.\u00a0\u00bb<\/p>\n\n\n\n<p class=\"has-text-align-center has-raft-accent-color has-text-color has-link-color has-medium-font-size wp-elements-fa402e63e59ca40a6098b2aa9dc94cdf\">\u2605 \u2605 \u2605 \u2605 \u2605<\/p>\n\n\n\n<p class=\"has-text-align-center has-small-font-size\" style=\"font-style:normal;font-weight:600;letter-spacing:2px;text-transform:uppercase\">MARTA SAN F\u00c9LIX<\/p>\n<\/div>\n<\/div>\n\n\n\n<div class=\"wp-block-group alignfull has-raft-fg-alt-color has-raft-bg-inv-background-color has-text-color has-background has-link-color wp-elements-930c3d0bac58de1b03ba60d2c321566b is-layout-flow wp-container-core-group-is-layout-60ec7785 wp-block-group-is-layout-flow\" style=\"margin-top:0;margin-bottom:0;padding-top:0;padding-right:0;padding-bottom:0;padding-left:0\">\n<div class=\"wp-block-columns is-layout-flex wp-container-core-columns-is-layout-87535699 wp-block-columns-is-layout-flex\" style=\"margin-top:0;margin-bottom:0;padding-top:0;padding-right:0;padding-bottom:0;padding-left:0\">\n<div class=\"wp-block-column is-vertically-aligned-stretch is-layout-flow wp-block-column-is-layout-flow\" style=\"padding-top:0;padding-right:0;padding-bottom:0;padding-left:0;flex-basis:50%\">\n<figure data-wp-context=\"{&quot;imageId&quot;:&quot;69d4f2ea774da&quot;}\" data-wp-interactive=\"core\/image\" data-wp-key=\"69d4f2ea774da\" class=\"wp-block-image aligncenter size-large is-resized wp-duotone-unset-1 wp-lightbox-container\"><img loading=\"lazy\" decoding=\"async\" width=\"1024\" height=\"576\" data-wp-class--hide=\"state.isContentHidden\" data-wp-class--show=\"state.isContentVisible\" data-wp-init=\"callbacks.setButtonStyles\" data-wp-on--click=\"actions.showLightbox\" data-wp-on--load=\"callbacks.setButtonStyles\" data-wp-on-window--resize=\"callbacks.setButtonStyles\" src=\"https:\/\/karbs.app\/wp-content\/uploads\/sites\/4\/2024\/01\/261-hero-1024x576.jpg\" alt=\"\" class=\"wp-image-12\" style=\"aspect-ratio:1;object-fit:cover;width:593px;height:auto\" srcset=\"https:\/\/karbs.app\/wp-content\/uploads\/sites\/4\/2024\/01\/261-hero-1024x576.jpg 1024w, https:\/\/karbs.app\/wp-content\/uploads\/sites\/4\/2024\/01\/261-hero-300x169.jpg 300w, https:\/\/karbs.app\/wp-content\/uploads\/sites\/4\/2024\/01\/261-hero-768x432.jpg 768w, https:\/\/karbs.app\/wp-content\/uploads\/sites\/4\/2024\/01\/261-hero.jpg 1280w\" sizes=\"auto, (max-width: 1024px) 100vw, 1024px\" \/><button\n\t\t\tclass=\"lightbox-trigger\"\n\t\t\ttype=\"button\"\n\t\t\taria-haspopup=\"dialog\"\n\t\t\taria-label=\"Agrandir\"\n\t\t\tdata-wp-init=\"callbacks.initTriggerButton\"\n\t\t\tdata-wp-on--click=\"actions.showLightbox\"\n\t\t\tdata-wp-style--right=\"state.imageButtonRight\"\n\t\t\tdata-wp-style--top=\"state.imageButtonTop\"\n\t\t>\n\t\t\t<svg xmlns=\"http:\/\/www.w3.org\/2000\/svg\" width=\"12\" height=\"12\" fill=\"none\" viewBox=\"0 0 12 12\">\n\t\t\t\t<path fill=\"#fff\" d=\"M2 0a2 2 0 0 0-2 2v2h1.5V2a.5.5 0 0 1 .5-.5h2V0H2Zm2 10.5H2a.5.5 0 0 1-.5-.5V8H0v2a2 2 0 0 0 2 2h2v-1.5ZM8 12v-1.5h2a.5.5 0 0 0 .5-.5V8H12v2a2 2 0 0 1-2 2H8Zm2-12a2 2 0 0 1 2 2v2h-1.5V2a.5.5 0 0 0-.5-.5H8V0h2Z\" \/>\n\t\t\t<\/svg>\n\t\t<\/button><\/figure>\n<\/div>\n\n\n\n<div class=\"wp-block-column is-vertically-aligned-center is-layout-constrained wp-container-core-column-is-layout-c40bd83a wp-block-column-is-layout-constrained\" style=\"padding-top:var(--wp--preset--spacing--80);padding-right:var(--wp--preset--spacing--60);padding-bottom:var(--wp--preset--spacing--80);padding-left:var(--wp--preset--spacing--60);flex-basis:50%\">\n<div class=\"wp-block-group is-layout-constrained wp-container-core-group-is-layout-92b9201d wp-block-group-is-layout-constrained\">\n<p class=\"has-small-font-size\" style=\"font-style:normal;font-weight:600;letter-spacing:2px;text-transform:uppercase\">APPLE HEALTH<\/p>\n\n\n\n<h2 class=\"wp-block-heading has-huge-font-size\">Synchronisez vos repas avec Sant\u00e9<\/h2>\n\n\n\n<p class=\"has-large-font-size\">Comptez les glucides de vos repas et obtenez le r\u00e9sultat \u00e0 partir d&rsquo;une autre application, telle qu&rsquo;un calculateur de bolus.<\/p>\n\n\n\n<p>Uniquement dans les m\u00eames r\u00e9gions o\u00f9 HealthKit est disponible.<\/p>\n<\/div>\n<\/div>\n<\/div>\n<\/div>\n","protected":false},"excerpt":{"rendered":"<p>LE COMPTAGE DES GLUCIDES FACILE Fabriqu\u00e9 avec amour pour les patients diab\u00e9tiques Compatible avec iOS 16.4 ou version ult\u00e9rieure. Votre propre nourriture Ajoutez la nourriture que vous achetez habituellement au supermarch\u00e9 ou que vous commandez dans votre restaurant pr\u00e9f\u00e9r\u00e9. Repas comptant en secondes Choisissez simplement parmi votre propre liste d&rsquo;aliments et ajoutez la quantit\u00e9 souhait\u00e9e [&hellip;]<\/p>\n","protected":false},"author":2,"featured_media":0,"parent":0,"menu_order":0,"comment_status":"closed","ping_status":"closed","template":"template-plain","meta":{"_themeisle_gutenberg_block_has_review":false,"footnotes":""},"class_list":["post-24","page","type-page","status-publish","hentry"],"jetpack_sharing_enabled":true,"_links":{"self":[{"href":"https:\/\/karbs.app\/fr\/wp-json\/wp\/v2\/pages\/24","targetHints":{"allow":["GET"]}}],"collection":[{"href":"https:\/\/karbs.app\/fr\/wp-json\/wp\/v2\/pages"}],"about":[{"href":"https:\/\/karbs.app\/fr\/wp-json\/wp\/v2\/types\/page"}],"author":[{"embeddable":true,"href":"https:\/\/karbs.app\/fr\/wp-json\/wp\/v2\/users\/2"}],"replies":[{"embeddable":true,"href":"https:\/\/karbs.app\/fr\/wp-json\/wp\/v2\/comments?post=24"}],"version-history":[{"count":64,"href":"https:\/\/karbs.app\/fr\/wp-json\/wp\/v2\/pages\/24\/revisions"}],"predecessor-version":[{"id":190,"href":"https:\/\/karbs.app\/fr\/wp-json\/wp\/v2\/pages\/24\/revisions\/190"}],"wp:attachment":[{"href":"https:\/\/karbs.app\/fr\/wp-json\/wp\/v2\/media?parent=24"}],"curies":[{"name":"wp","href":"https:\/\/api.w.org\/{rel}","templated":true}]}}