{"id":55,"date":"2024-01-04T19:42:32","date_gmt":"2024-01-04T19:42:32","guid":{"rendered":"https:\/\/karbs.app\/?page_id=55"},"modified":"2024-01-04T20:37:20","modified_gmt":"2024-01-04T20:37:20","slug":"legal-notice","status":"publish","type":"page","link":"https:\/\/karbs.app\/es\/legal-notice\/","title":{"rendered":"Aviso legal"},"content":{"rendered":"\n<p><strong>Advertencia: Esta aplicaci\u00f3n puede causarle da\u00f1os graves en caso de mal uso.<\/strong><\/p>\n\n\n\n<p>Si usted es un paciente con una enfermedad metab\u00f3lica como la diabetes, su m\u00e9dico debe ense\u00f1arle c\u00f3mo contar carbohidratos correctamente a partir de la informaci\u00f3n nutricional. Debe dejar de utilizar esta aplicaci\u00f3n inmediatamente si no sabe contar raciones de hidratos de carbono. Si utiliza una calculadora de bolos y se inyecta insulina bas\u00e1ndose en una cantidad err\u00f3nea de carbohidratos, podr\u00eda correr un riesgo grave, incluido el riesgo de muerte.<\/p>\n\n\n\n<p>Si utiliza esta aplicaci\u00f3n entiende y acepta que usted es el \u00fanico responsable de su correcto uso y supervisi\u00f3n por parte de un profesional.<\/p>\n\n\n\n<p><strong>Descargo de responsabilidad: esta aplicaci\u00f3n no es un dispositivo m\u00e9dico regulado.<\/strong><\/p>\n\n\n\n<p><\/p>\n","protected":false},"excerpt":{"rendered":"<p>Advertencia: Esta aplicaci\u00f3n puede causarle da\u00f1os graves en caso de mal uso. Si usted es un paciente con una enfermedad metab\u00f3lica como la diabetes, su m\u00e9dico debe ense\u00f1arle c\u00f3mo contar carbohidratos correctamente a partir de la informaci\u00f3n nutricional. Debe dejar de utilizar esta aplicaci\u00f3n inmediatamente si no sabe contar raciones de hidratos de carbono. Si [&hellip;]<\/p>\n","protected":false},"author":2,"featured_media":0,"parent":0,"menu_order":0,"comment_status":"closed","ping_status":"closed","template":"","meta":{"_themeisle_gutenberg_block_has_review":false,"footnotes":""},"class_list":["post-55","page","type-page","status-publish","hentry"],"jetpack_sharing_enabled":true,"_links":{"self":[{"href":"https:\/\/karbs.app\/es\/wp-json\/wp\/v2\/pages\/55","targetHints":{"allow":["GET"]}}],"collection":[{"href":"https:\/\/karbs.app\/es\/wp-json\/wp\/v2\/pages"}],"about":[{"href":"https:\/\/karbs.app\/es\/wp-json\/wp\/v2\/types\/page"}],"author":[{"embeddable":true,"href":"https:\/\/karbs.app\/es\/wp-json\/wp\/v2\/users\/2"}],"replies":[{"embeddable":true,"href":"https:\/\/karbs.app\/es\/wp-json\/wp\/v2\/comments?post=55"}],"version-history":[{"count":10,"href":"https:\/\/karbs.app\/es\/wp-json\/wp\/v2\/pages\/55\/revisions"}],"predecessor-version":[{"id":81,"href":"https:\/\/karbs.app\/es\/wp-json\/wp\/v2\/pages\/55\/revisions\/81"}],"wp:attachment":[{"href":"https:\/\/karbs.app\/es\/wp-json\/wp\/v2\/media?parent=55"}],"curies":[{"name":"wp","href":"https:\/\/api.w.org\/{rel}","templated":true}]}}