{"id":53,"date":"2024-01-04T19:41:37","date_gmt":"2024-01-04T19:41:37","guid":{"rendered":"https:\/\/karbs.app\/?page_id=53"},"modified":"2024-01-04T20:49:19","modified_gmt":"2024-01-04T20:49:19","slug":"privacy-policy","status":"publish","type":"page","link":"https:\/\/karbs.app\/es\/privacy-policy\/","title":{"rendered":"Pol\u00edtica de privacidad"},"content":{"rendered":"\n<p><em>\u00daltima actualizaci\u00f3n: 6 de enero de 2024. Aplicable desde la versi\u00f3n 1.0.0 de la Aplicaci\u00f3n.<\/em><\/p>\n\n\n\n<p><\/p>\n\n\n\n<p>Esta Pol\u00edtica de Privacidad describe Nuestras pol\u00edticas y procedimientos sobre la recopilaci\u00f3n, uso y divulgaci\u00f3n de Su informaci\u00f3n cuando utiliza la Aplicaci\u00f3n y le informa sobre Sus derechos de privacidad y c\u00f3mo la ley lo protege.<\/p>\n\n\n\n<p>No utilizamos sus datos personales para proporcionar y mejorar el Servicio.&nbsp;Al utilizar el Servicio, usted acepta que no recopilamos ni utilizamos sus Datos personales de ninguna manera.<\/p>\n\n\n\n<p>Esta Aplicaci\u00f3n es vendida en AppStore por un Particular de nombre Cristian Ortega G\u00f3mez y DNI ES46978568X de Espa\u00f1a (UE).<\/p>\n\n\n\n<hr class=\"wp-block-separator has-alpha-channel-opacity\"\/>\n\n\n\n<h2 class=\"wp-block-heading\"><strong>Interpretaci\u00f3n y definiciones<\/strong><\/h2>\n\n\n\n<h2 class=\"wp-block-heading\"><strong>Interpretaci\u00f3n<\/strong><\/h2>\n\n\n\n<p>Las palabras cuya letra inicial est\u00e1 en may\u00fascula tienen significados definidos bajo las siguientes condiciones.&nbsp;Las siguientes definiciones tendr\u00e1n el mismo significado independientemente de que aparezcan en singular o en plural.<\/p>\n\n\n\n<h3 class=\"wp-block-heading\"><strong>Definiciones<\/strong><\/h3>\n\n\n\n<p>Para los efectos de esta Pol\u00edtica de Privacidad:<\/p>\n\n\n\n<ul class=\"wp-block-list\">\n<li><strong>Cuenta<\/strong>&nbsp;&nbsp;significa una cuenta \u00fanica creada para que Usted acceda a nuestro Servicio o partes de nuestro Servicio.<\/li>\n\n\n\n<li><strong>Afiliada<\/strong>&nbsp;&nbsp;significa una entidad que controla, est\u00e1 controlada por o est\u00e1 bajo control com\u00fan con una parte, donde \u00abcontrol\u00bb significa propiedad del 50% o m\u00e1s de las acciones, participaci\u00f3n accionaria u otros valores con derecho a votar para la elecci\u00f3n de directores u otra autoridad administrativa. .<\/li>\n\n\n\n<li><strong>Aplicaci\u00f3n<\/strong>&nbsp;&nbsp;significa el programa de software proporcionado por el Individuo descargado por Usted en cualquier dispositivo electr\u00f3nico, llamado Daily Biorhythms<\/li>\n\n\n\n<li><strong>Individuo<\/strong>&nbsp;&nbsp;(denominado \u201cel Desarrollador\u201d, \u201cNosotros\u201d, \u201cNos\u201d o \u201cNuestro\u201d en este Acuerdo) se refiere a Daily Biorhythms.<\/li>\n\n\n\n<li><strong>Dispositivo<\/strong>&nbsp;&nbsp;significa cualquier dispositivo que pueda acceder al Servicio, como una computadora, un tel\u00e9fono celular o una tableta digital.<\/li>\n\n\n\n<li><strong>Datos personales<\/strong>&nbsp;&nbsp;es cualquier informaci\u00f3n que se relacione con un individuo identificado o identificable.<\/li>\n\n\n\n<li><strong>Servicio<\/strong>&nbsp;&nbsp;se refiere a la Aplicaci\u00f3n.<\/li>\n\n\n\n<li><strong>Los Datos de uso<\/strong>&nbsp;&nbsp;se refieren a los datos recopilados autom\u00e1ticamente, ya sea generados por el uso del Servicio o por la propia infraestructura del Servicio (por ejemplo, la duraci\u00f3n de una visita a una p\u00e1gina).<\/li>\n\n\n\n<li><strong>Se<\/strong>&nbsp;&nbsp;refiere a la persona que accede o utiliza el Servicio, o la empresa u otra entidad legal en nombre de la cual dicha persona accede o utiliza el Servicio, seg\u00fan corresponda.<\/li>\n<\/ul>\n\n\n\n<hr class=\"wp-block-separator has-alpha-channel-opacity\"\/>\n\n\n\n<h2 class=\"wp-block-heading\"><strong>Recopilaci\u00f3n y uso de sus datos personales<\/strong><\/h2>\n\n\n\n<h3 class=\"wp-block-heading\"><strong>Tipos de datos recopilados<\/strong><\/h3>\n\n\n\n<h4 class=\"wp-block-heading\"><strong>Informaci\u00f3n personal<\/strong><\/h4>\n\n\n\n<p>Esta aplicaci\u00f3n no recopila ni solicita Datos Personales de ning\u00fan tipo.<\/p>\n\n\n\n<h4 class=\"wp-block-heading\"><strong>Datos de uso<\/strong><\/h4>\n\n\n\n<p>No se recopilan, almacenan ni transfieren datos de uso al utilizar la Aplicaci\u00f3n.&nbsp;La informaci\u00f3n que ingresa sobre alimentos y comidas solo se almacena en su dispositivo.&nbsp;Si habilita la sincronizaci\u00f3n de iCloud para la Aplicaci\u00f3n, los datos se almacenan en su cuenta de iCloud y solo est\u00e1n disponibles para usted.<\/p>\n\n\n\n<h3 class=\"wp-block-heading\"><strong>Uso de sus datos personales<\/strong><\/h3>\n\n\n\n<p>Sus Datos personales no se utilizar\u00e1n para ning\u00fan prop\u00f3sito porque no se recopilan Datos personales de la Aplicaci\u00f3n.<\/p>\n\n\n\n<h3 class=\"wp-block-heading\"><strong>Conservaci\u00f3n de sus datos personales<\/strong><\/h3>\n\n\n\n<p>No existe un Per\u00edodo de retenci\u00f3n para sus Datos personales porque no se recopilan, recopilan ni transfieren Datos personales de Usted o de su Dispositivo.<\/p>\n\n\n\n<h3 class=\"wp-block-heading\"><strong>Transferencia de sus datos personales<\/strong><\/h3>\n\n\n\n<p>No recopilamos ni recopilamos ning\u00fan dato personal suyo.<\/p>\n\n\n\n<h3 class=\"wp-block-heading\"><strong>Divulgaci\u00f3n de sus datos personales<\/strong><\/h3>\n\n\n\n<h4 class=\"wp-block-heading\"><strong>Transacciones de negocios<\/strong><\/h4>\n\n\n\n<p>Si participamos en una fusi\u00f3n, adquisici\u00f3n o venta de activos, sus datos personales no se transferir\u00e1n ya que no recopilamos ning\u00fan dato personal suyo.&nbsp;Le avisaremos antes de que la Aplicaci\u00f3n se transfiera y quede sujeta a una Pol\u00edtica de Privacidad diferente.&nbsp;Le solicitaremos expl\u00edcitamente su consentimiento para la nueva Pol\u00edtica de Privacidad, si corresponde.<\/p>\n\n\n\n<h4 class=\"wp-block-heading\"><strong>Cumplimiento de la ley<\/strong><\/h4>\n\n\n\n<p>En determinadas circunstancias, es posible que se le solicite al Desarrollador que divulgue sus datos personales si as\u00ed lo exige la ley o en respuesta a solicitudes v\u00e1lidas de autoridades p\u00fablicas (por ejemplo, un tribunal o una agencia gubernamental).&nbsp;Sin embargo, no se recopilan, recopilan ni transfieren datos personales desde esta Aplicaci\u00f3n.&nbsp;No tenemos ninguna forma de identificar qui\u00e9n est\u00e1 utilizando la Aplicaci\u00f3n.<\/p>\n\n\n\n<h4 class=\"wp-block-heading\"><strong>Otros requisitos legales<\/strong><\/h4>\n\n\n\n<p>Dado que no recopilamos ning\u00fan dato personal suyo, no se aplican otros requisitos legales.&nbsp;Usted es libre de desinstalar la Aplicaci\u00f3n en cualquier momento y todos los datos se eliminar\u00e1n de Su Dispositivo al mismo tiempo.<\/p>\n\n\n\n<h3 class=\"wp-block-heading\"><strong>Seguridad de sus datos personales<\/strong><\/h3>\n\n\n\n<p>La seguridad de sus datos personales es importante para nosotros.&nbsp;Por lo tanto, no recopilamos, recopilamos ni transferimos ning\u00fan dato personal de nuestros usuarios.<\/p>\n\n\n\n<hr class=\"wp-block-separator has-alpha-channel-opacity\"\/>\n\n\n\n<h2 class=\"wp-block-heading\"><strong>Privacidad de los ni\u00f1os<\/strong><\/h2>\n\n\n\n<p>Nuestra Aplicaci\u00f3n puede ser utilizada por cualquier persona con supervisi\u00f3n m\u00e9dica.&nbsp;No recopilamos intencionadamente informaci\u00f3n de identificaci\u00f3n personal de ninguna persona menor o mayor de 13 a\u00f1os. Si usted es padre o tutor, es el \u00fanico responsable de decidir si sus hijos pueden descargar o utilizar la Aplicaci\u00f3n.<\/p>\n\n\n\n<p>Si su pa\u00eds de residencia requiere el consentimiento de uno de sus padres para instalar una aplicaci\u00f3n de la AppStore, usted ser\u00e1 el \u00fanico responsable de ello mediante el uso de los controles parentales adecuados.<\/p>\n\n\n\n<p>Nuestra Aplicaci\u00f3n es adecuada para ni\u00f1os menores de 13 a\u00f1os, ya que no recopilamos, recopilamos ni transferimos ning\u00fan Dato Personal.&nbsp;Alentamos a todos a solicitar supervisi\u00f3n m\u00e9dica antes de utilizar esta Aplicaci\u00f3n.<\/p>\n\n\n\n<hr class=\"wp-block-separator has-alpha-channel-opacity\"\/>\n\n\n\n<h2 class=\"wp-block-heading\"><strong>Enlaces a otros sitios web<\/strong><\/h2>\n\n\n\n<p>Nuestra Aplicaci\u00f3n no incluye ning\u00fan enlace a otros sitios web.<\/p>\n\n\n\n<hr class=\"wp-block-separator has-alpha-channel-opacity\"\/>\n\n\n\n<h2 class=\"wp-block-heading\"><strong>Cambios a esta Pol\u00edtica de Privacidad<\/strong><\/h2>\n\n\n\n<p>Podemos actualizar Nuestra Pol\u00edtica de Privacidad de vez en cuando.&nbsp;Le notificaremos cualquier cambio publicando la nueva Pol\u00edtica de Privacidad en esta p\u00e1gina.<\/p>\n\n\n\n<p>Le informaremos a trav\u00e9s de un aviso destacado en Nuestra Aplicaci\u00f3n, antes de que el cambio entre en vigencia y actualizaremos la fecha de \u00ab\u00daltima actualizaci\u00f3n\u00bb en la parte superior de esta Pol\u00edtica de Privacidad.&nbsp;Le solicitaremos expl\u00edcitamente su Consentimiento despu\u00e9s de actualizar la Aplicaci\u00f3n si comenzamos a recopilar sus Datos personales.<\/p>\n\n\n\n<p>Se le recomienda revisar esta Pol\u00edtica de Privacidad peri\u00f3dicamente para detectar cualquier cambio.&nbsp;Los cambios a esta Pol\u00edtica de Privacidad entran en vigencia cuando se publican en esta p\u00e1gina.<\/p>\n","protected":false},"excerpt":{"rendered":"<p>\u00daltima actualizaci\u00f3n: 6 de enero de 2024. Aplicable desde la versi\u00f3n 1.0.0 de la Aplicaci\u00f3n. Esta Pol\u00edtica de Privacidad describe Nuestras pol\u00edticas y procedimientos sobre la recopilaci\u00f3n, uso y divulgaci\u00f3n de Su informaci\u00f3n cuando utiliza la Aplicaci\u00f3n y le informa sobre Sus derechos de privacidad y c\u00f3mo la ley lo protege. No utilizamos sus datos [&hellip;]<\/p>\n","protected":false},"author":2,"featured_media":0,"parent":0,"menu_order":0,"comment_status":"closed","ping_status":"closed","template":"","meta":{"_themeisle_gutenberg_block_has_review":false,"footnotes":""},"class_list":["post-53","page","type-page","status-publish","hentry"],"jetpack_sharing_enabled":true,"_links":{"self":[{"href":"https:\/\/karbs.app\/es\/wp-json\/wp\/v2\/pages\/53","targetHints":{"allow":["GET"]}}],"collection":[{"href":"https:\/\/karbs.app\/es\/wp-json\/wp\/v2\/pages"}],"about":[{"href":"https:\/\/karbs.app\/es\/wp-json\/wp\/v2\/types\/page"}],"author":[{"embeddable":true,"href":"https:\/\/karbs.app\/es\/wp-json\/wp\/v2\/users\/2"}],"replies":[{"embeddable":true,"href":"https:\/\/karbs.app\/es\/wp-json\/wp\/v2\/comments?post=53"}],"version-history":[{"count":12,"href":"https:\/\/karbs.app\/es\/wp-json\/wp\/v2\/pages\/53\/revisions"}],"predecessor-version":[{"id":92,"href":"https:\/\/karbs.app\/es\/wp-json\/wp\/v2\/pages\/53\/revisions\/92"}],"wp:attachment":[{"href":"https:\/\/karbs.app\/es\/wp-json\/wp\/v2\/media?parent=53"}],"curies":[{"name":"wp","href":"https:\/\/api.w.org\/{rel}","templated":true}]}}