{"id":55,"date":"2024-01-04T19:42:32","date_gmt":"2024-01-04T19:42:32","guid":{"rendered":"https:\/\/karbs.app\/?page_id=55"},"modified":"2024-01-04T20:37:20","modified_gmt":"2024-01-04T20:37:20","slug":"legal-notice","status":"publish","type":"page","link":"https:\/\/karbs.app\/de\/legal-notice\/","title":{"rendered":"Impressum"},"content":{"rendered":"\n<p><strong>Warnung: Diese Anwendung kann bei Missbrauch zu schweren Sch\u00e4den f\u00fchren.<\/strong><\/p>\n\n\n\n<p>Wenn Sie an einer Stoffwechselerkrankung wie Diabetes leiden, muss Ihnen Ihr Arzt zeigen, wie Sie Kohlenhydrate anhand der N\u00e4hrwertangaben richtig z\u00e4hlen. Sie sollten die Anwendung dieser Anwendung sofort beenden, wenn Sie nicht wissen, wie man Kohlenhydrate z\u00e4hlt. Wenn Sie einen Bolusrechner verwenden und Insulin auf der Grundlage einer falschen Kohlenhydratmenge injizieren, besteht f\u00fcr Sie ein ernsthaftes Risiko, einschlie\u00dflich der Gefahr des Todes.<\/p>\n\n\n\n<p>Wenn Sie diese Anwendung verwenden, verstehen Sie und stimmen zu, dass Sie allein f\u00fcr die korrekte Verwendung und \u00dcberwachung durch einen Fachmann verantwortlich sind.<\/p>\n\n\n\n<p><strong>Haftungsausschluss: Bei dieser Anwendung handelt es sich nicht um ein reguliertes Medizinprodukt.<\/strong><\/p>\n","protected":false},"excerpt":{"rendered":"<p>Warnung: Diese Anwendung kann bei Missbrauch zu schweren Sch\u00e4den f\u00fchren. Wenn Sie an einer Stoffwechselerkrankung wie Diabetes leiden, muss Ihnen Ihr Arzt zeigen, wie Sie Kohlenhydrate anhand der N\u00e4hrwertangaben richtig z\u00e4hlen. Sie sollten die Anwendung dieser Anwendung sofort beenden, wenn Sie nicht wissen, wie man Kohlenhydrate z\u00e4hlt. Wenn Sie einen Bolusrechner verwenden und Insulin auf [&hellip;]<\/p>\n","protected":false},"author":2,"featured_media":0,"parent":0,"menu_order":0,"comment_status":"closed","ping_status":"closed","template":"","meta":{"_themeisle_gutenberg_block_has_review":false,"footnotes":""},"class_list":["post-55","page","type-page","status-publish","hentry"],"jetpack_sharing_enabled":true,"_links":{"self":[{"href":"https:\/\/karbs.app\/de\/wp-json\/wp\/v2\/pages\/55","targetHints":{"allow":["GET"]}}],"collection":[{"href":"https:\/\/karbs.app\/de\/wp-json\/wp\/v2\/pages"}],"about":[{"href":"https:\/\/karbs.app\/de\/wp-json\/wp\/v2\/types\/page"}],"author":[{"embeddable":true,"href":"https:\/\/karbs.app\/de\/wp-json\/wp\/v2\/users\/2"}],"replies":[{"embeddable":true,"href":"https:\/\/karbs.app\/de\/wp-json\/wp\/v2\/comments?post=55"}],"version-history":[{"count":10,"href":"https:\/\/karbs.app\/de\/wp-json\/wp\/v2\/pages\/55\/revisions"}],"predecessor-version":[{"id":81,"href":"https:\/\/karbs.app\/de\/wp-json\/wp\/v2\/pages\/55\/revisions\/81"}],"wp:attachment":[{"href":"https:\/\/karbs.app\/de\/wp-json\/wp\/v2\/media?parent=55"}],"curies":[{"name":"wp","href":"https:\/\/api.w.org\/{rel}","templated":true}]}}