{"id":53,"date":"2024-01-04T19:41:37","date_gmt":"2024-01-04T19:41:37","guid":{"rendered":"https:\/\/karbs.app\/?page_id=53"},"modified":"2024-01-04T20:49:19","modified_gmt":"2024-01-04T20:49:19","slug":"privacy-policy","status":"publish","type":"page","link":"https:\/\/karbs.app\/de\/privacy-policy\/","title":{"rendered":"Datenschutzrichtlinie"},"content":{"rendered":"\n<p><em>Letzte Aktualisierung: 6. Januar 2024. G\u00fcltig ab Anwendungsversion 1.0.0.<\/em><\/p>\n\n\n\n<p><\/p>\n\n\n\n<p>Diese Datenschutzrichtlinie beschreibt unsere Richtlinien und Verfahren zur Erfassung, Nutzung und Offenlegung Ihrer Daten bei der Nutzung der Anwendung und informiert Sie \u00fcber Ihre Datenschutzrechte und dar\u00fcber, wie das Gesetz Sie sch\u00fctzt.<\/p>\n\n\n\n<p>Wir verwenden Ihre personenbezogenen Daten nicht zur Bereitstellung und Verbesserung des Dienstes.&nbsp;Durch die Nutzung des Dienstes erkl\u00e4ren Sie sich damit einverstanden, dass wir Ihre personenbezogenen Daten in keiner Weise erfassen oder verwenden.<\/p>\n\n\n\n<p>Diese Anwendung wird im AppStore von einer Einzelperson mit dem Namen Cristian Ortega G\u00f3mez und der nationalen Identit\u00e4t ES46978568X aus Spanien (EU) verkauft.<\/p>\n\n\n\n<hr class=\"wp-block-separator has-alpha-channel-opacity\"\/>\n\n\n\n<h2 class=\"wp-block-heading\"><strong>Interpretation und Definitionen<\/strong><\/h2>\n\n\n\n<h2 class=\"wp-block-heading\"><strong>Deutung<\/strong><\/h2>\n\n\n\n<p>Die W\u00f6rter, deren Anfangsbuchstaben gro\u00df geschrieben werden, haben eine Bedeutung, die unter den folgenden Bedingungen definiert ist.&nbsp;Die folgenden Definitionen haben die gleiche Bedeutung, unabh\u00e4ngig davon, ob sie im Singular oder im Plural erscheinen.<\/p>\n\n\n\n<h3 class=\"wp-block-heading\"><strong>Definitionen<\/strong><\/h3>\n\n\n\n<p>F\u00fcr die Zwecke dieser Datenschutzrichtlinie:<\/p>\n\n\n\n<ul class=\"wp-block-list\">\n<li><strong>\u201eKonto\u201c<\/strong>&nbsp;&nbsp;bezeichnet ein einzigartiges Konto, das f\u00fcr Sie erstellt wurde, um auf unseren Dienst oder Teile unseres Dienstes zuzugreifen.<\/li>\n\n\n\n<li><strong>Verbundenes Unternehmen<\/strong>&nbsp;&nbsp;bezeichnet ein Unternehmen, das eine Partei kontrolliert, von dieser kontrolliert wird oder unter gemeinsamer Kontrolle mit dieser steht, wobei \u201eKontrolle\u201c den Besitz von 50 % oder mehr der Anteile, Beteiligungen oder anderen Wertpapiere bedeutet, die zur Wahl von Direktoren oder anderen Verwaltungsbefugnissen berechtigt sind .<\/li>\n\n\n\n<li><strong>Anwendung<\/strong>&nbsp;&nbsp;bezeichnet das von der Einzelperson bereitgestellte Softwareprogramm mit dem Namen Daily Biorhythms, das Sie auf ein elektronisches Ger\u00e4t heruntergeladen haben<\/li>\n\n\n\n<li><strong>Einzelperson<\/strong>&nbsp;&nbsp;(in dieser Vereinbarung entweder als \u201eder Entwickler\u201c, \u201ewir\u201c, \u201euns\u201c oder \u201eunser\u201c bezeichnet) bezieht sich auf Daily Biorhythms.<\/li>\n\n\n\n<li><strong>Unter Ger\u00e4t<\/strong>&nbsp;&nbsp;versteht man jedes Ger\u00e4t, das auf den Dienst zugreifen kann, beispielsweise ein Computer, ein Mobiltelefon oder ein digitales Tablet.<\/li>\n\n\n\n<li><strong>Personenbezogene Daten<\/strong>&nbsp;&nbsp;sind alle Informationen, die sich auf eine identifizierte oder identifizierbare nat\u00fcrliche Person beziehen.<\/li>\n\n\n\n<li><strong>Service<\/strong>&nbsp;&nbsp;bezieht sich auf die Anwendung.<\/li>\n\n\n\n<li><strong>Unter Nutzungsdaten<\/strong>&nbsp;&nbsp;versteht man automatisch erfasste Daten, die entweder durch die Nutzung des Dienstes oder aus der Dienstinfrastruktur selbst generiert werden (z. B. die Dauer eines Seitenbesuchs).<\/li>\n\n\n\n<li><strong>Sie<\/strong>&nbsp;&nbsp;meinen die Person, die auf den Dienst zugreift oder ihn nutzt, oder das Unternehmen oder eine andere juristische Person, in deren Namen diese Person auf den Dienst zugreift oder ihn nutzt.<\/li>\n<\/ul>\n\n\n\n<hr class=\"wp-block-separator has-alpha-channel-opacity\"\/>\n\n\n\n<h2 class=\"wp-block-heading\"><strong>Erhebung und Nutzung Ihrer personenbezogenen Daten<\/strong><\/h2>\n\n\n\n<h3 class=\"wp-block-heading\"><strong>Arten der erfassten Daten<\/strong><\/h3>\n\n\n\n<h4 class=\"wp-block-heading\"><strong>Pers\u00f6nliche Daten<\/strong><\/h4>\n\n\n\n<p>Diese Anwendung erhebt keinerlei personenbezogene Daten und fragt auch nicht danach.<\/p>\n\n\n\n<h4 class=\"wp-block-heading\"><strong>Nutzungsdaten<\/strong><\/h4>\n\n\n\n<p>Bei der Nutzung der Anwendung werden keine Nutzungsdaten erhoben, gespeichert oder \u00fcbertragen.&nbsp;Die von Ihnen eingegebenen Informationen zu Lebensmitteln und Mahlzeiten werden nur auf Ihrem Ger\u00e4t gespeichert.&nbsp;Wenn Sie die iCloud-Synchronisierung f\u00fcr die Anwendung aktivieren, werden die Daten in Ihrem iCloud-Konto gespeichert und sind nur f\u00fcr Sie verf\u00fcgbar.<\/p>\n\n\n\n<h3 class=\"wp-block-heading\"><strong>Verwendung Ihrer pers\u00f6nlichen Daten<\/strong><\/h3>\n\n\n\n<p>Ihre personenbezogenen Daten werden zu keinem Zweck verwendet, da im Rahmen der Anwendung keine personenbezogenen Daten erfasst werden.<\/p>\n\n\n\n<h3 class=\"wp-block-heading\"><strong>Aufbewahrung Ihrer pers\u00f6nlichen Daten<\/strong><\/h3>\n\n\n\n<p>Es gibt keine Aufbewahrungsfrist f\u00fcr Ihre personenbezogenen Daten, da keine personenbezogenen Daten von Ihnen oder Ihrem Ger\u00e4t erfasst, erhoben oder \u00fcbertragen werden.<\/p>\n\n\n\n<h3 class=\"wp-block-heading\"><strong>\u00dcbermittlung Ihrer personenbezogenen Daten<\/strong><\/h3>\n\n\n\n<p>Wir erfassen oder erheben keine personenbezogenen Daten von Ihnen.<\/p>\n\n\n\n<h3 class=\"wp-block-heading\"><strong>Offenlegung Ihrer personenbezogenen Daten<\/strong><\/h3>\n\n\n\n<h4 class=\"wp-block-heading\"><strong>Gesch\u00e4ftliche Transaktionen<\/strong><\/h4>\n\n\n\n<p>Wenn wir an einer Fusion, \u00dcbernahme oder einem Verkauf von Verm\u00f6genswerten beteiligt sind, werden Ihre personenbezogenen Daten nicht \u00fcbertragen, da wir keine personenbezogenen Daten von Ihnen erfassen.&nbsp;Wir werden Sie benachrichtigen, bevor die Anwendung \u00fcbertragen wird und einer anderen Datenschutzrichtlinie unterliegt.&nbsp;Wir werden Sie ggf. ausdr\u00fccklich um Ihre Zustimmung zur neuen Datenschutzerkl\u00e4rung bitten.<\/p>\n\n\n\n<h4 class=\"wp-block-heading\"><strong>Strafverfolgung<\/strong><\/h4>\n\n\n\n<p>Unter bestimmten Umst\u00e4nden kann der Entwickler verpflichtet sein, Ihre personenbezogenen Daten offenzulegen, wenn dies gesetzlich vorgeschrieben ist oder wenn eine berechtigte Anfrage von Beh\u00f6rden (z. B. einem Gericht oder einer Regierungsbeh\u00f6rde) vorliegt.&nbsp;Allerdings werden im Rahmen dieser Anwendung keine personenbezogenen Daten erfasst, erhoben oder \u00fcbertragen.&nbsp;Wir haben keine M\u00f6glichkeit herauszufinden, wer die Anwendung nutzt.<\/p>\n\n\n\n<h4 class=\"wp-block-heading\"><strong>Sonstige gesetzliche Anforderungen<\/strong><\/h4>\n\n\n\n<p>Da wir keine personenbezogenen Daten von Ihnen erheben, gelten keine weiteren gesetzlichen Anforderungen.&nbsp;Es steht Ihnen jederzeit frei, die Anwendung zu deinstallieren. Gleichzeitig werden alle Daten von Ihrem Ger\u00e4t gel\u00f6scht.<\/p>\n\n\n\n<h3 class=\"wp-block-heading\"><strong>Sicherheit Ihrer pers\u00f6nlichen Daten<\/strong><\/h3>\n\n\n\n<p>Die Sicherheit Ihrer personenbezogenen Daten ist uns wichtig.&nbsp;Daher erheben, sammeln oder \u00fcbertragen wir keine personenbezogenen Daten unserer Benutzer.<\/p>\n\n\n\n<hr class=\"wp-block-separator has-alpha-channel-opacity\"\/>\n\n\n\n<h2 class=\"wp-block-heading\"><strong>Privatsph\u00e4re von Kindern<\/strong><\/h2>\n\n\n\n<p>Unsere Anwendung kann von jedem unter \u00e4rztlicher Aufsicht genutzt werden.&nbsp;Wir erfassen wissentlich keine personenbezogenen Daten von Personen unter oder \u00fcber 13 Jahren. Wenn Sie ein Elternteil oder Erziehungsberechtigter sind, sind Sie allein daf\u00fcr verantwortlich, zu entscheiden, ob Ihre Kinder die Anwendung herunterladen oder nutzen k\u00f6nnen.<\/p>\n\n\n\n<p>Wenn in Ihrem Wohnsitzland die Zustimmung eines Elternteils zur Installation einer Anwendung aus dem AppStore erforderlich ist, sind Sie allein daf\u00fcr verantwortlich, indem Sie entsprechende Kindersicherungen verwenden.<\/p>\n\n\n\n<p>Unsere Anwendung ist f\u00fcr Kinder unter 13 Jahren geeignet, da wir keine personenbezogenen Daten erheben, sammeln oder \u00fcbertragen.&nbsp;Wir empfehlen jedem, vor der Verwendung dieser Anwendung eine \u00e4rztliche Aufsicht einzuholen.<\/p>\n\n\n\n<hr class=\"wp-block-separator has-alpha-channel-opacity\"\/>\n\n\n\n<h2 class=\"wp-block-heading\"><strong>Links zu anderen Websites<\/strong><\/h2>\n\n\n\n<p>Unsere Anwendung enth\u00e4lt keine Links zu anderen Websites.<\/p>\n\n\n\n<hr class=\"wp-block-separator has-alpha-channel-opacity\"\/>\n\n\n\n<h2 class=\"wp-block-heading\"><strong>\u00c4nderungen dieser Datenschutzrichtlinie<\/strong><\/h2>\n\n\n\n<p>Wir k\u00f6nnen unsere Datenschutzrichtlinie von Zeit zu Zeit aktualisieren.&nbsp;Wir werden Sie \u00fcber alle \u00c4nderungen informieren, indem wir die neue Datenschutzrichtlinie auf dieser Seite ver\u00f6ffentlichen.<\/p>\n\n\n\n<p>Wir werden Sie durch einen gut sichtbaren Hinweis in unserer Anwendung dar\u00fcber informieren, bevor die \u00c4nderung in Kraft tritt, und das Datum \u201eLetzte Aktualisierung\u201c oben in dieser Datenschutzrichtlinie aktualisieren.&nbsp;Wir werden Sie nach der Aktualisierung der Anwendung ausdr\u00fccklich um Ihre Zustimmung bitten, wenn wir mit der Erfassung Ihrer personenbezogenen Daten beginnen.<\/p>\n\n\n\n<p>Wir empfehlen Ihnen, diese Datenschutzrichtlinie regelm\u00e4\u00dfig auf etwaige \u00c4nderungen zu \u00fcberpr\u00fcfen.&nbsp;\u00c4nderungen dieser Datenschutzrichtlinie treten in Kraft, wenn sie auf dieser Seite ver\u00f6ffentlicht werden.<\/p>\n","protected":false},"excerpt":{"rendered":"<p>Letzte Aktualisierung: 6. Januar 2024. G\u00fcltig ab Anwendungsversion 1.0.0. Diese Datenschutzrichtlinie beschreibt unsere Richtlinien und Verfahren zur Erfassung, Nutzung und Offenlegung Ihrer Daten bei der Nutzung der Anwendung und informiert Sie \u00fcber Ihre Datenschutzrechte und dar\u00fcber, wie das Gesetz Sie sch\u00fctzt. Wir verwenden Ihre personenbezogenen Daten nicht zur Bereitstellung und Verbesserung des Dienstes.&nbsp;Durch die Nutzung [&hellip;]<\/p>\n","protected":false},"author":2,"featured_media":0,"parent":0,"menu_order":0,"comment_status":"closed","ping_status":"closed","template":"","meta":{"_themeisle_gutenberg_block_has_review":false,"footnotes":""},"class_list":["post-53","page","type-page","status-publish","hentry"],"jetpack_sharing_enabled":true,"_links":{"self":[{"href":"https:\/\/karbs.app\/de\/wp-json\/wp\/v2\/pages\/53","targetHints":{"allow":["GET"]}}],"collection":[{"href":"https:\/\/karbs.app\/de\/wp-json\/wp\/v2\/pages"}],"about":[{"href":"https:\/\/karbs.app\/de\/wp-json\/wp\/v2\/types\/page"}],"author":[{"embeddable":true,"href":"https:\/\/karbs.app\/de\/wp-json\/wp\/v2\/users\/2"}],"replies":[{"embeddable":true,"href":"https:\/\/karbs.app\/de\/wp-json\/wp\/v2\/comments?post=53"}],"version-history":[{"count":12,"href":"https:\/\/karbs.app\/de\/wp-json\/wp\/v2\/pages\/53\/revisions"}],"predecessor-version":[{"id":92,"href":"https:\/\/karbs.app\/de\/wp-json\/wp\/v2\/pages\/53\/revisions\/92"}],"wp:attachment":[{"href":"https:\/\/karbs.app\/de\/wp-json\/wp\/v2\/media?parent=53"}],"curies":[{"name":"wp","href":"https:\/\/api.w.org\/{rel}","templated":true}]}}