{"id":55,"date":"2024-01-04T19:42:32","date_gmt":"2024-01-04T19:42:32","guid":{"rendered":"https:\/\/karbs.app\/?page_id=55"},"modified":"2024-01-04T20:37:20","modified_gmt":"2024-01-04T20:37:20","slug":"legal-notice","status":"publish","type":"page","link":"https:\/\/karbs.app\/ca\/legal-notice\/","title":{"rendered":"Av\u00eds legal"},"content":{"rendered":"\n<p><strong>Advert\u00e8ncia: aquesta aplicaci\u00f3 us pot causar danys greus en cas d&#8217;\u00fas indegut.<\/strong><\/p>\n\n\n\n<p>Si sou un pacient amb una malaltia metab\u00f2lica com la diabetis, el vostre metge us ha d&#8217;ensenyar a comptar correctament els hidrats de carboni a partir de la informaci\u00f3 nutricional. Haur\u00edeu de deixar d&#8217;utilitzar aquesta aplicaci\u00f3 immediatament si no sabeu com comptar els hidrats de carboni. Si utilitzeu una calculadora de bolus i us injecteu insulina a partir d&#8217;una quantitat err\u00f2nia d&#8217;hidrats de carboni, podr\u00edeu tenir un risc greu, incl\u00f2s el risc de mort.<\/p>\n\n\n\n<p>Si utilitzeu aquesta aplicaci\u00f3, enteneu i accepteu que sou l&#8217;\u00fanic responsable del seu correcte \u00fas i supervisi\u00f3 per part d&#8217;un professional.<\/p>\n\n\n\n<p><strong>Exempci\u00f3 de responsabilitat: aquesta aplicaci\u00f3 no \u00e9s un dispositiu m\u00e8dic regulat.<\/strong><\/p>\n","protected":false},"excerpt":{"rendered":"<p>Advert\u00e8ncia: aquesta aplicaci\u00f3 us pot causar danys greus en cas d&#8217;\u00fas indegut. Si sou un pacient amb una malaltia metab\u00f2lica com la diabetis, el vostre metge us ha d&#8217;ensenyar a comptar correctament els hidrats de carboni a partir de la informaci\u00f3 nutricional. Haur\u00edeu de deixar d&#8217;utilitzar aquesta aplicaci\u00f3 immediatament si no sabeu com comptar els [&hellip;]<\/p>\n","protected":false},"author":2,"featured_media":0,"parent":0,"menu_order":0,"comment_status":"closed","ping_status":"closed","template":"","meta":{"_themeisle_gutenberg_block_has_review":false,"footnotes":""},"class_list":["post-55","page","type-page","status-publish","hentry"],"jetpack_sharing_enabled":true,"_links":{"self":[{"href":"https:\/\/karbs.app\/ca\/wp-json\/wp\/v2\/pages\/55","targetHints":{"allow":["GET"]}}],"collection":[{"href":"https:\/\/karbs.app\/ca\/wp-json\/wp\/v2\/pages"}],"about":[{"href":"https:\/\/karbs.app\/ca\/wp-json\/wp\/v2\/types\/page"}],"author":[{"embeddable":true,"href":"https:\/\/karbs.app\/ca\/wp-json\/wp\/v2\/users\/2"}],"replies":[{"embeddable":true,"href":"https:\/\/karbs.app\/ca\/wp-json\/wp\/v2\/comments?post=55"}],"version-history":[{"count":10,"href":"https:\/\/karbs.app\/ca\/wp-json\/wp\/v2\/pages\/55\/revisions"}],"predecessor-version":[{"id":81,"href":"https:\/\/karbs.app\/ca\/wp-json\/wp\/v2\/pages\/55\/revisions\/81"}],"wp:attachment":[{"href":"https:\/\/karbs.app\/ca\/wp-json\/wp\/v2\/media?parent=55"}],"curies":[{"name":"wp","href":"https:\/\/api.w.org\/{rel}","templated":true}]}}