{"id":53,"date":"2024-01-04T19:41:37","date_gmt":"2024-01-04T19:41:37","guid":{"rendered":"https:\/\/karbs.app\/?page_id=53"},"modified":"2024-01-04T20:49:19","modified_gmt":"2024-01-04T20:49:19","slug":"privacy-policy","status":"publish","type":"page","link":"https:\/\/karbs.app\/ca\/privacy-policy\/","title":{"rendered":"Pol\u00edtica de privacitat"},"content":{"rendered":"\n<p><em>Darrera actualitzaci\u00f3: 6 de gener de 2024. Aplicable a partir de la versi\u00f3 1.0.0 de l&#8217;aplicaci\u00f3.<\/em><\/p>\n\n\n\n<p>Aquesta Pol\u00edtica de privadesa descriu les nostres pol\u00edtiques i procediments sobre la recollida, l&#8217;\u00fas i la divulgaci\u00f3 de la vostra informaci\u00f3 quan feu servir l&#8217;aplicaci\u00f3 i us informa sobre els vostres drets de privadesa i com us protegeix la llei.<\/p>\n\n\n\n<p>No fem servir les vostres dades personals per oferir i millorar el Servei.&nbsp;En utilitzar el Servei, accepteu que no recopilem ni utilitzem les vostres dades personals de cap manera.<\/p>\n\n\n\n<p>Aquesta aplicaci\u00f3 la ven a l&#8217;AppStore un particular amb nom Cristian Ortega G\u00f3mez i identitat nacional ES46978568X d&#8217;Espanya (UE).<\/p>\n\n\n\n<hr class=\"wp-block-separator has-alpha-channel-opacity\"\/>\n\n\n\n<h2 class=\"wp-block-heading\"><strong>Interpretaci\u00f3 i definicions<\/strong><\/h2>\n\n\n\n<h2 class=\"wp-block-heading\"><strong>Interpretaci\u00f3<\/strong><\/h2>\n\n\n\n<p>Les paraules de les quals s&#8217;escriu la lletra inicial amb maj\u00fascula tenen significats definits en les condicions seg\u00fcents.&nbsp;Les definicions seg\u00fcents tindran el mateix significat independentment de si apareixen en singular o en plural.<\/p>\n\n\n\n<h3 class=\"wp-block-heading\"><strong>Definicions<\/strong><\/h3>\n\n\n\n<p>Als efectes d&#8217;aquesta Pol\u00edtica de privadesa:<\/p>\n\n\n\n<ul class=\"wp-block-list\">\n<li><strong>Compte<\/strong>&nbsp;&nbsp;significa un compte \u00fanic creat perqu\u00e8 pugui accedir al nostre Servei o a parts del nostre Servei.<\/li>\n\n\n\n<li><strong>Afiliat<\/strong>&nbsp;&nbsp;significa una entitat que controla, est\u00e0 controlada per o est\u00e0 sota control com\u00fa amb una part, on &#8220;control&#8221; significa la propietat del 50% o m\u00e9s de les accions, participacions o altres valors amb dret a votar per a l&#8217;elecci\u00f3 dels consellers o una altra autoritat de gesti\u00f3. .<\/li>\n\n\n\n<li><strong>Aplicaci\u00f3<\/strong>&nbsp;&nbsp;significa el programa de programari proporcionat per la persona que vost\u00e8 descarrega en qualsevol dispositiu electr\u00f2nic, anomenat Daily Biorhythms<\/li>\n\n\n\n<li><strong>La persona<\/strong>&nbsp;&nbsp;(anomenada &#8220;el Desenvolupador&#8221;, &#8220;Nosaltres&#8221;, &#8220;Nosaltres&#8221; o &#8220;Els nostres&#8221; en aquest Acord) fa refer\u00e8ncia a Bioritmes diaris.<\/li>\n\n\n\n<li><strong>Dispositiu<\/strong>&nbsp;&nbsp;significa qualsevol dispositiu que pugui accedir al Servei, com ara un ordinador, un tel\u00e8fon m\u00f2bil o una tauleta digital.<\/li>\n\n\n\n<li><strong>Les dades personals<\/strong>&nbsp;&nbsp;s\u00f3n qualsevol informaci\u00f3 relacionada amb una persona identificada o identificable.<\/li>\n\n\n\n<li><strong>El servei<\/strong>&nbsp;&nbsp;fa refer\u00e8ncia a l&#8217;aplicaci\u00f3.<\/li>\n\n\n\n<li><strong>Les dades d&#8217;\u00fas<\/strong>&nbsp;&nbsp;es refereixen a les dades recollides autom\u00e0ticament, ja sigui generades per l&#8217;\u00fas del Servei o des de la pr\u00f2pia infraestructura del Servei (per exemple, la durada de la visita d&#8217;una p\u00e0gina).<\/li>\n\n\n\n<li><strong>Voleu<\/strong>&nbsp;&nbsp;dir la persona que accedeix o utilitza el Servei, o l&#8217;empresa o una altra entitat legal en nom de la qual aquesta persona accedeix o utilitza el Servei, segons correspongui.<\/li>\n<\/ul>\n\n\n\n<hr class=\"wp-block-separator has-alpha-channel-opacity\"\/>\n\n\n\n<h2 class=\"wp-block-heading\"><strong>Recollida i \u00fas de les vostres dades personals<\/strong><\/h2>\n\n\n\n<h3 class=\"wp-block-heading\"><strong>Tipus de dades recollides<\/strong><\/h3>\n\n\n\n<h4 class=\"wp-block-heading\"><strong>Dades personals<\/strong><\/h4>\n\n\n\n<p>Aquesta aplicaci\u00f3 no recull ni demana dades personals de cap tipus.<\/p>\n\n\n\n<h4 class=\"wp-block-heading\"><strong>Dades d&#8217;\u00fas<\/strong><\/h4>\n\n\n\n<p>No es recullen, emmagatzemen o transfereixen dades d&#8217;\u00fas quan s&#8217;utilitza l&#8217;aplicaci\u00f3.&nbsp;La informaci\u00f3 que introdu\u00efu sobre aliments i menjars nom\u00e9s s&#8217;emmagatzema al vostre dispositiu.&nbsp;Si activeu la sincronitzaci\u00f3 d&#8217;iCloud per a l&#8217;aplicaci\u00f3, les dades s&#8217;emmagatzemen al vostre compte d&#8217;iCloud i nom\u00e9s estan disponibles per a vosaltres.<\/p>\n\n\n\n<h3 class=\"wp-block-heading\"><strong>\u00das de les vostres dades personals<\/strong><\/h3>\n\n\n\n<p>Les vostres dades personals no s&#8217;utilitzaran per a cap prop\u00f2sit perqu\u00e8 no es recullen dades personals de l&#8217;aplicaci\u00f3.<\/p>\n\n\n\n<h3 class=\"wp-block-heading\"><strong>Conservaci\u00f3 de les vostres dades personals<\/strong><\/h3>\n\n\n\n<p>No hi ha un per\u00edode de retenci\u00f3 per a les vostres dades personals perqu\u00e8 no es recullen, es recullen o es transfereixen dades personals de vost\u00e8 o del seu dispositiu.<\/p>\n\n\n\n<h3 class=\"wp-block-heading\"><strong>Transfer\u00e8ncia de les seves dades personals<\/strong><\/h3>\n\n\n\n<p>No recopilem ni recollim cap dada personal de vost\u00e8.<\/p>\n\n\n\n<h3 class=\"wp-block-heading\"><strong>Revelaci\u00f3 de les vostres dades personals<\/strong><\/h3>\n\n\n\n<h4 class=\"wp-block-heading\"><strong>Transaccions comercials<\/strong><\/h4>\n\n\n\n<p>Si estem involucrats en una fusi\u00f3, adquisici\u00f3 o venda d&#8217;actius, les vostres dades personals no es transferiran, ja que no recollim cap dada personal de vosaltres.&nbsp;Avisarem abans que l&#8217;aplicaci\u00f3 es transfereixi i estigui subjecta a una pol\u00edtica de privadesa diferent.&nbsp;Demanarem expl\u00edcitament el vostre consentiment per a la nova Pol\u00edtica de privadesa si escau.<\/p>\n\n\n\n<h4 class=\"wp-block-heading\"><strong>Aplicaci\u00f3 de la llei<\/strong><\/h4>\n\n\n\n<p>En determinades circumst\u00e0ncies, es pot exigir al Desenvolupador que reveli les vostres dades personals si aix\u00ed ho requereix la llei o en resposta a sol\u00b7licituds v\u00e0lides de les autoritats p\u00fabliques (per exemple, un tribunal o una ag\u00e8ncia governamental).&nbsp;No obstant aix\u00f2, no es recullen, es recullen ni es transfereixen dades personals des d&#8217;aquesta Aplicaci\u00f3.&nbsp;No tenim cap manera d&#8217;identificar qui est\u00e0 utilitzant l&#8217;aplicaci\u00f3.<\/p>\n\n\n\n<h4 class=\"wp-block-heading\"><strong>Altres requisits legals<\/strong><\/h4>\n\n\n\n<p>Com que no recollim cap dada personal de vost\u00e8, no s&#8217;aplica cap altre requisit legal.&nbsp;Podeu desinstal\u00b7lar l&#8217;aplicaci\u00f3 en qualsevol moment i totes les dades s&#8217;eliminaran del vostre dispositiu alhora.<\/p>\n\n\n\n<h3 class=\"wp-block-heading\"><strong>Seguretat de les seves dades personals<\/strong><\/h3>\n\n\n\n<p>La seguretat de les vostres dades personals \u00e9s important per a nosaltres.&nbsp;Per tant, no recopilem, recopilem ni transferim cap Dada Personal dels nostres Usuaris.<\/p>\n\n\n\n<hr class=\"wp-block-separator has-alpha-channel-opacity\"\/>\n\n\n\n<h2 class=\"wp-block-heading\"><strong>Privacitat dels nens<\/strong><\/h2>\n\n\n\n<p>La nostra aplicaci\u00f3 pot ser utilitzada per qualsevol persona amb supervisi\u00f3 m\u00e8dica.&nbsp;No recollim conscientment informaci\u00f3 d&#8217;identificaci\u00f3 personal de persones menors o majors de 13 anys. Si sou pares o tutors, sou l&#8217;\u00fanic responsable de decidir si els vostres fills poden descarregar o utilitzar l&#8217;aplicaci\u00f3.<\/p>\n\n\n\n<p>Si el vostre pa\u00eds de resid\u00e8ncia requereix el consentiment d&#8217;un pare per instal\u00b7lar una aplicaci\u00f3 des de l&#8217;AppStore, sou l&#8217;\u00fanic responsable mitjan\u00e7ant l&#8217;\u00fas dels controls parentals adequats.<\/p>\n\n\n\n<p>La nostra aplicaci\u00f3 \u00e9s adequada per a nens menors de 13 anys, ja que no recopilem, recopilem ni transferim cap dada personal.&nbsp;Us animem a tothom a demanar supervisi\u00f3 m\u00e8dica abans d&#8217;utilitzar aquesta aplicaci\u00f3.<\/p>\n\n\n\n<hr class=\"wp-block-separator has-alpha-channel-opacity\"\/>\n\n\n\n<h2 class=\"wp-block-heading\"><strong>Enlla\u00e7os a altres llocs web<\/strong><\/h2>\n\n\n\n<p>La nostra aplicaci\u00f3 no inclou cap enlla\u00e7 a altres llocs web.<\/p>\n\n\n\n<hr class=\"wp-block-separator has-alpha-channel-opacity\"\/>\n\n\n\n<h2 class=\"wp-block-heading\"><strong>Canvis a aquesta Pol\u00edtica de privadesa<\/strong><\/h2>\n\n\n\n<p>\u00c9s possible que actualitzem la nostra Pol\u00edtica de privadesa de tant en tant.&nbsp;Us notificarem qualsevol canvi mitjan\u00e7ant la publicaci\u00f3 de la nova Pol\u00edtica de privadesa en aquesta p\u00e0gina.<\/p>\n\n\n\n<p>Us ho farem saber mitjan\u00e7ant un av\u00eds destacat a la nostra aplicaci\u00f3, abans que el canvi entri en vigor i actualitzarem la data de &#8220;\u00daltima actualitzaci\u00f3&#8221; a la part superior d&#8217;aquesta Pol\u00edtica de privadesa.&nbsp;Si comencem a recollir les vostres dades personals, us demanarem expl\u00edcitament el vostre consentiment despr\u00e9s d&#8217;actualitzar l&#8217;aplicaci\u00f3.<\/p>\n\n\n\n<p>Us recomanem que reviseu aquesta Pol\u00edtica de privadesa peri\u00f2dicament per a qualsevol canvi.&nbsp;Els canvis a aquesta Pol\u00edtica de privadesa s\u00f3n efectius quan es publiquen en aquesta p\u00e0gina.<\/p>\n","protected":false},"excerpt":{"rendered":"<p>Darrera actualitzaci\u00f3: 6 de gener de 2024. Aplicable a partir de la versi\u00f3 1.0.0 de l&#8217;aplicaci\u00f3. Aquesta Pol\u00edtica de privadesa descriu les nostres pol\u00edtiques i procediments sobre la recollida, l&#8217;\u00fas i la divulgaci\u00f3 de la vostra informaci\u00f3 quan feu servir l&#8217;aplicaci\u00f3 i us informa sobre els vostres drets de privadesa i com us protegeix la [&hellip;]<\/p>\n","protected":false},"author":2,"featured_media":0,"parent":0,"menu_order":0,"comment_status":"closed","ping_status":"closed","template":"","meta":{"_themeisle_gutenberg_block_has_review":false,"footnotes":""},"class_list":["post-53","page","type-page","status-publish","hentry"],"jetpack_sharing_enabled":true,"_links":{"self":[{"href":"https:\/\/karbs.app\/ca\/wp-json\/wp\/v2\/pages\/53","targetHints":{"allow":["GET"]}}],"collection":[{"href":"https:\/\/karbs.app\/ca\/wp-json\/wp\/v2\/pages"}],"about":[{"href":"https:\/\/karbs.app\/ca\/wp-json\/wp\/v2\/types\/page"}],"author":[{"embeddable":true,"href":"https:\/\/karbs.app\/ca\/wp-json\/wp\/v2\/users\/2"}],"replies":[{"embeddable":true,"href":"https:\/\/karbs.app\/ca\/wp-json\/wp\/v2\/comments?post=53"}],"version-history":[{"count":12,"href":"https:\/\/karbs.app\/ca\/wp-json\/wp\/v2\/pages\/53\/revisions"}],"predecessor-version":[{"id":92,"href":"https:\/\/karbs.app\/ca\/wp-json\/wp\/v2\/pages\/53\/revisions\/92"}],"wp:attachment":[{"href":"https:\/\/karbs.app\/ca\/wp-json\/wp\/v2\/media?parent=53"}],"curies":[{"name":"wp","href":"https:\/\/api.w.org\/{rel}","templated":true}]}}